{"id":150,"date":"2022-01-14T19:09:23","date_gmt":"2022-01-14T18:09:23","guid":{"rendered":"https:\/\/sethero.de\/versandarten\/"},"modified":"2023-01-03T17:19:28","modified_gmt":"2023-01-03T16:19:28","slug":"versand","status":"publish","type":"page","link":"https:\/\/sethero.de\/en\/versand\/","title":{"rendered":"Shipping"},"content":{"rendered":"<div data-elementor-type=\"wp-page\" data-elementor-id=\"150\" class=\"elementor elementor-150\" data-elementor-post-type=\"page\">\n\t\t\t\t\t\t<section class=\"elementor-section elementor-top-section elementor-element elementor-element-c875f1c elementor-section-boxed elementor-section-height-default elementor-section-height-default\" data-id=\"c875f1c\" data-element_type=\"section\">\n\t\t\t\t\t\t<div class=\"elementor-container elementor-column-gap-default\">\n\t\t\t\t\t<div class=\"elementor-column elementor-col-100 elementor-top-column elementor-element elementor-element-e9b52fd\" data-id=\"e9b52fd\" data-element_type=\"column\">\n\t\t\t<div class=\"elementor-widget-wrap elementor-element-populated\">\n\t\t\t\t\t\t<div class=\"elementor-element elementor-element-ccdd4f0 elementor-widget elementor-widget-text-editor\" data-id=\"ccdd4f0\" data-element_type=\"widget\" data-widget_type=\"text-editor.default\">\n\t\t\t\t<div class=\"elementor-widget-container\">\n\t\t\t\t\t\t\t\t\t<div id=\"tab-versand\" class=\"woocommerce-Tabs-panel woocommerce-Tabs-panel--versand panel entry-content wc-tab\" role=\"tabpanel\" aria-labelledby=\"tab-title-versand\"><h5><strong>Delivery time<\/strong><\/h5><h6>After receiving your order, your bags will be manufactured and sent as quickly as possible. The SET HERO bags are carfeully hand-crafted by Mandy and made to order, so that the delivery time may be up to 4 weeks in the EU, up to 6 weeks for countries outside the EU.<\/h6><p>I greatly appreciate your understanding!<br \/><br \/>Du bist nicht sicher, ob die Lieferzeit reicht?<br \/>Kein Problem. Schreibe mir, wenn es dringend ist und dann schauen wir nach der besten L\u00f6sung.<\/p><p class=\"translation-block\">If you have selected items with different delivery times, the longer delivery is automatically valid since everything will be shipped together. Unless of course, you would like to have them delivered separately. In that case, please send an email to <strong>hello@sethero.de<\/strong>.<\/p><h5><strong><br \/>Shipping<\/strong><\/h5><h6>Der Versand erfolgt per DHL, versichert und mit Sendungsverfolgung.<br \/>Du kannst deine Bestellung auch an eine DHL-Packstation liefern lassen.<\/h6><p>You will receive a confirmation mail once your order is on its way to you.<\/p><h5><strong><br \/>Pickup in Cologne<\/strong><\/h5><h6>Wenn du m\u00f6chtest, kannst du deine Bestellung auch pers\u00f6nlich bei Mandy in K\u00f6ln abholen &#8211; und zahlst dann nat\u00fcrlich keine Versandgeb\u00fchren. W\u00e4hle beim Bezahlvorgang die Option &#8222;Abholung&#8220; anstelle von &#8222;Versand&#8220; aus. Du wirst dann von Mandy kontaktiert, sobald deine Bestellung abholbereit ist, damit ihr gemeinsam einen Termin bestimmen k\u00f6nnt.<\/h6><p>The address for pickup is in Cologne-Kalk:<\/p><p class=\"translation-block\">Mandy Becker<br>Markt 6<br>51103 Cologne<br>Germany<\/p><h5><strong>Contact<\/strong><\/h5><p class=\"translation-block\">Should you have any questions regarding the current delivery time or the shipping, please send an email to <strong>hello@sethero.de<\/strong>.<\/p><h5><strong>Retouren<\/strong><\/h5><p>Im Interesse der Umwelt m\u00f6chte ich R\u00fccksendungen so gut wie m\u00f6glich vermeiden. Bitte schaue dir alle Informationen und Ma\u00dfe zum Produkt gut an und melde dich gerne bei offenen Fragen &#8211; am besten per Email an: <strong>hello@sethero.de<\/strong><\/p><p>Dennoch kann es Gr\u00fcnde f\u00fcr eine Retoure geben. Nach den gesetzlichen Bestimmungen, steht dem Kunden ein Widerrufrecht binnen 14 Tagen nach Erhalt der Ware zu. F\u00fcr mehr Informationen hierzu, schaue bitte in den <a href=\"https:\/\/sethero.de\/en\/agb\/\">Allgemeinen Gesch\u00e4ftsbedingungen<\/a> unter \u00a712 Widerrufsbelehrung nach. Nachdem du deinen Widerruf per Mail oder Post mitgeteilt hast, kannst du deine Sendung ohne Angabe von Gr\u00fcnden an diese <a href=\"https:\/\/sethero.de\/en\/kontakt\/\">Adresse<\/a> zur\u00fcckschicken.<\/p><p>Please note that the shipping costs for a return will not be paid by SET HERO but the customer.<\/p><p>Bei der R\u00fcckgabe einer Bestellung wird der gezahlte Preis der Ware binnen 14 Tage nach Erhalt der Retourensendung vollst\u00e4ndig erstattet. Lieferkosten werden nicht erstattet.<\/p><\/div>\t\t\t\t\t\t\t\t<\/div>\n\t\t\t\t<\/div>\n\t\t\t\t\t<\/div>\n\t\t<\/div>\n\t\t\t\t\t<\/div>\n\t\t<\/section>\n\t\t\t\t<\/div>","protected":false},"excerpt":{"rendered":"<p>Lieferzeit Nach Eingang der Bestellung werden deine Taschen so schnell wie m\u00f6glich angefertigt und versendet. SET HERO Taschen werden von Mandy in liebevoller Handarbeit und auf Nachfrage angefertigt, sodass es zu einer Lieferzeit von bis zu 4 Wochen kommen kann. Danke f\u00fcr dein Verst\u00e4ndnis! Du bist nicht sicher, ob die Lieferzeit reicht?Kein Problem. Schreibe mir, &#8230; <a title=\"Shipping\" class=\"read-more\" href=\"https:\/\/sethero.de\/en\/versand\/\" aria-label=\"Read more about Versand\">Read more<\/a><\/p>","protected":false},"author":1,"featured_media":0,"parent":0,"menu_order":0,"comment_status":"closed","ping_status":"closed","template":"","meta":{"footnotes":""},"class_list":["post-150","page","type-page","status-publish"],"yoast_head":"<!-- This site is optimized with the Yoast SEO plugin v27.4 - https:\/\/yoast.com\/product\/yoast-seo-wordpress\/ -->\n<title>Versand - SET HERO - die perfekte Set-Tasche<\/title>\n<meta name=\"robots\" content=\"index, follow, max-snippet:-1, max-image-preview:large, max-video-preview:-1\" \/>\n<link rel=\"canonical\" href=\"https:\/\/sethero.de\/en\/versand\/\" \/>\n<meta property=\"og:locale\" content=\"en_US\" \/>\n<meta property=\"og:type\" content=\"article\" \/>\n<meta property=\"og:title\" content=\"Versand - SET HERO - die perfekte Set-Tasche\" \/>\n<meta property=\"og:description\" content=\"Lieferzeit Nach Eingang der Bestellung werden deine Taschen so schnell wie m\u00f6glich angefertigt und versendet. SET HERO Taschen werden von Mandy in liebevoller Handarbeit und auf Nachfrage angefertigt, sodass es zu einer Lieferzeit von bis zu 4 Wochen kommen kann. Danke f\u00fcr dein Verst\u00e4ndnis! Du bist nicht sicher, ob die Lieferzeit reicht?Kein Problem. Schreibe mir, ... Read more\" \/>\n<meta property=\"og:url\" content=\"https:\/\/sethero.de\/en\/versand\/\" \/>\n<meta property=\"og:site_name\" content=\"SET HERO - die perfekte Set-Tasche\" \/>\n<meta property=\"article:publisher\" content=\"https:\/\/www.facebook.com\/Die.perfekte.Settasche\" \/>\n<meta property=\"article:modified_time\" content=\"2023-01-03T16:19:28+00:00\" \/>\n<meta name=\"twitter:card\" content=\"summary_large_image\" \/>\n<meta name=\"twitter:site\" content=\"@SET_HERO_bags\" \/>\n<script type=\"application\/ld+json\" class=\"yoast-schema-graph\">{\"@context\":\"https:\\\/\\\/schema.org\",\"@graph\":[{\"@type\":\"WebPage\",\"@id\":\"https:\\\/\\\/sethero.de\\\/versand\\\/\",\"url\":\"https:\\\/\\\/sethero.de\\\/versand\\\/\",\"name\":\"Versand - SET HERO - die perfekte Set-Tasche\",\"isPartOf\":{\"@id\":\"https:\\\/\\\/sethero.de\\\/#website\"},\"datePublished\":\"2022-01-14T18:09:23+00:00\",\"dateModified\":\"2023-01-03T16:19:28+00:00\",\"breadcrumb\":{\"@id\":\"https:\\\/\\\/sethero.de\\\/versand\\\/#breadcrumb\"},\"inLanguage\":\"en-US\",\"potentialAction\":[{\"@type\":\"ReadAction\",\"target\":[\"https:\\\/\\\/sethero.de\\\/versand\\\/\"]}]},{\"@type\":\"BreadcrumbList\",\"@id\":\"https:\\\/\\\/sethero.de\\\/versand\\\/#breadcrumb\",\"itemListElement\":[{\"@type\":\"ListItem\",\"position\":1,\"name\":\"Home\",\"item\":\"https:\\\/\\\/sethero.de\\\/\"},{\"@type\":\"ListItem\",\"position\":2,\"name\":\"Versand\"}]},{\"@type\":\"WebSite\",\"@id\":\"https:\\\/\\\/sethero.de\\\/#website\",\"url\":\"https:\\\/\\\/sethero.de\\\/\",\"name\":\"SET HERO - die perfekte Tasche f\u00fcr dein Set\",\"description\":\"Die perfekte Set-Tasche f\u00fcr die Kost\u00fcmarbeit am Filmset\",\"publisher\":{\"@id\":\"https:\\\/\\\/sethero.de\\\/#organization\"},\"alternateName\":\"Bags for costume professionals & passionates\",\"potentialAction\":[{\"@type\":\"SearchAction\",\"target\":{\"@type\":\"EntryPoint\",\"urlTemplate\":\"https:\\\/\\\/sethero.de\\\/?s={search_term_string}\"},\"query-input\":{\"@type\":\"PropertyValueSpecification\",\"valueRequired\":true,\"valueName\":\"search_term_string\"}}],\"inLanguage\":\"en-US\"},{\"@type\":\"Organization\",\"@id\":\"https:\\\/\\\/sethero.de\\\/#organization\",\"name\":\"SET HERO - die perfekte Tasche f\u00fcr dein Set\",\"url\":\"https:\\\/\\\/sethero.de\\\/\",\"logo\":{\"@type\":\"ImageObject\",\"inLanguage\":\"en-US\",\"@id\":\"https:\\\/\\\/sethero.de\\\/#\\\/schema\\\/logo\\\/image\\\/\",\"url\":\"https:\\\/\\\/sethero.de\\\/wp-content\\\/uploads\\\/2022\\\/06\\\/cropped-Logo-rund-SET-HERO_final_Quadrat_schwarz.jpg\",\"contentUrl\":\"https:\\\/\\\/sethero.de\\\/wp-content\\\/uploads\\\/2022\\\/06\\\/cropped-Logo-rund-SET-HERO_final_Quadrat_schwarz.jpg\",\"width\":2047,\"height\":407,\"caption\":\"SET HERO - die perfekte Tasche f\u00fcr dein Set\"},\"image\":{\"@id\":\"https:\\\/\\\/sethero.de\\\/#\\\/schema\\\/logo\\\/image\\\/\"},\"sameAs\":[\"https:\\\/\\\/www.facebook.com\\\/Die.perfekte.Settasche\",\"https:\\\/\\\/x.com\\\/SET_HERO_bags\",\"https:\\\/\\\/www.instagram.com\\\/set_hero_germany\\\/\"]}]}<\/script>\n<!-- \/ Yoast SEO plugin. -->","yoast_head_json":{"title":"Versand - SET HERO - die perfekte Set-Tasche","robots":{"index":"index","follow":"follow","max-snippet":"max-snippet:-1","max-image-preview":"max-image-preview:large","max-video-preview":"max-video-preview:-1"},"canonical":"https:\/\/sethero.de\/en\/versand\/","og_locale":"en_US","og_type":"article","og_title":"Versand - SET HERO - die perfekte Set-Tasche","og_description":"Lieferzeit Nach Eingang der Bestellung werden deine Taschen so schnell wie m\u00f6glich angefertigt und versendet. SET HERO Taschen werden von Mandy in liebevoller Handarbeit und auf Nachfrage angefertigt, sodass es zu einer Lieferzeit von bis zu 4 Wochen kommen kann. Danke f\u00fcr dein Verst\u00e4ndnis! Du bist nicht sicher, ob die Lieferzeit reicht?Kein Problem. Schreibe mir, ... Read more","og_url":"https:\/\/sethero.de\/en\/versand\/","og_site_name":"SET HERO - die perfekte Set-Tasche","article_publisher":"https:\/\/www.facebook.com\/Die.perfekte.Settasche","article_modified_time":"2023-01-03T16:19:28+00:00","twitter_card":"summary_large_image","twitter_site":"@SET_HERO_bags","schema":{"@context":"https:\/\/schema.org","@graph":[{"@type":"WebPage","@id":"https:\/\/sethero.de\/versand\/","url":"https:\/\/sethero.de\/versand\/","name":"Versand - SET HERO - die perfekte Set-Tasche","isPartOf":{"@id":"https:\/\/sethero.de\/#website"},"datePublished":"2022-01-14T18:09:23+00:00","dateModified":"2023-01-03T16:19:28+00:00","breadcrumb":{"@id":"https:\/\/sethero.de\/versand\/#breadcrumb"},"inLanguage":"en-US","potentialAction":[{"@type":"ReadAction","target":["https:\/\/sethero.de\/versand\/"]}]},{"@type":"BreadcrumbList","@id":"https:\/\/sethero.de\/versand\/#breadcrumb","itemListElement":[{"@type":"ListItem","position":1,"name":"Home","item":"https:\/\/sethero.de\/"},{"@type":"ListItem","position":2,"name":"Versand"}]},{"@type":"WebSite","@id":"https:\/\/sethero.de\/#website","url":"https:\/\/sethero.de\/","name":"SET HERO - die perfekte Tasche f\u00fcr dein Set","description":"Die perfekte Set-Tasche f\u00fcr die Kost\u00fcmarbeit am Filmset","publisher":{"@id":"https:\/\/sethero.de\/#organization"},"alternateName":"Bags for costume professionals & passionates","potentialAction":[{"@type":"SearchAction","target":{"@type":"EntryPoint","urlTemplate":"https:\/\/sethero.de\/?s={search_term_string}"},"query-input":{"@type":"PropertyValueSpecification","valueRequired":true,"valueName":"search_term_string"}}],"inLanguage":"en-US"},{"@type":"Organization","@id":"https:\/\/sethero.de\/#organization","name":"SET HERO - die perfekte Tasche f\u00fcr dein Set","url":"https:\/\/sethero.de\/","logo":{"@type":"ImageObject","inLanguage":"en-US","@id":"https:\/\/sethero.de\/#\/schema\/logo\/image\/","url":"https:\/\/sethero.de\/wp-content\/uploads\/2022\/06\/cropped-Logo-rund-SET-HERO_final_Quadrat_schwarz.jpg","contentUrl":"https:\/\/sethero.de\/wp-content\/uploads\/2022\/06\/cropped-Logo-rund-SET-HERO_final_Quadrat_schwarz.jpg","width":2047,"height":407,"caption":"SET HERO - die perfekte Tasche f\u00fcr dein Set"},"image":{"@id":"https:\/\/sethero.de\/#\/schema\/logo\/image\/"},"sameAs":["https:\/\/www.facebook.com\/Die.perfekte.Settasche","https:\/\/x.com\/SET_HERO_bags","https:\/\/www.instagram.com\/set_hero_germany\/"]}]}},"jetpack_sharing_enabled":true,"_links":{"self":[{"href":"https:\/\/sethero.de\/en\/wp-json\/wp\/v2\/pages\/150","targetHints":{"allow":["GET"]}}],"collection":[{"href":"https:\/\/sethero.de\/en\/wp-json\/wp\/v2\/pages"}],"about":[{"href":"https:\/\/sethero.de\/en\/wp-json\/wp\/v2\/types\/page"}],"author":[{"embeddable":true,"href":"https:\/\/sethero.de\/en\/wp-json\/wp\/v2\/users\/1"}],"replies":[{"embeddable":true,"href":"https:\/\/sethero.de\/en\/wp-json\/wp\/v2\/comments?post=150"}],"version-history":[{"count":20,"href":"https:\/\/sethero.de\/en\/wp-json\/wp\/v2\/pages\/150\/revisions"}],"predecessor-version":[{"id":1544,"href":"https:\/\/sethero.de\/en\/wp-json\/wp\/v2\/pages\/150\/revisions\/1544"}],"wp:attachment":[{"href":"https:\/\/sethero.de\/en\/wp-json\/wp\/v2\/media?parent=150"}],"curies":[{"name":"wp","href":"https:\/\/api.w.org\/{rel}","templated":true}]}}