{"id":63,"date":"2022-01-12T22:54:36","date_gmt":"2022-01-12T21:54:36","guid":{"rendered":"https:\/\/sethero.de\/?page_id=63"},"modified":"2022-08-01T14:50:21","modified_gmt":"2022-08-01T12:50:21","slug":"impressum","status":"publish","type":"page","link":"https:\/\/sethero.de\/en\/impressum\/","title":{"rendered":"Company details"},"content":{"rendered":"<div data-elementor-type=\"wp-page\" data-elementor-id=\"63\" class=\"elementor elementor-63\" data-elementor-post-type=\"page\">\n\t\t\t\t\t\t<section class=\"elementor-section elementor-top-section elementor-element elementor-element-8d018c7 elementor-section-boxed elementor-section-height-default elementor-section-height-default\" data-id=\"8d018c7\" data-element_type=\"section\">\n\t\t\t\t\t\t<div class=\"elementor-container elementor-column-gap-default\">\n\t\t\t\t\t<div class=\"elementor-column elementor-col-100 elementor-top-column elementor-element elementor-element-48fcb57\" data-id=\"48fcb57\" data-element_type=\"column\">\n\t\t\t<div class=\"elementor-widget-wrap elementor-element-populated\">\n\t\t\t\t\t\t<div class=\"elementor-element elementor-element-ff3b202 elementor-widget elementor-widget-text-editor\" data-id=\"ff3b202\" data-element_type=\"widget\" data-widget_type=\"text-editor.default\">\n\t\t\t\t<div class=\"elementor-widget-container\">\n\t\t\t\t\t\t\t\t\t<p><strong>Angaben gem\u00e4\u00df \u00a75 TMG<\/strong><\/p>\n<p>Mandy Becker<br><strong>About<\/strong> &#8211; eine Marke von<br><strong>Mandy Becker Kunst &amp; Design<\/strong><br>Markt 6<br>51103 Cologne<\/p>\n<p><strong>Contact<br><\/strong>+49 176 612 655 79<br>hello@sethero.de<\/p>\n<p><strong>Umsatzsteuer-ID<\/strong><br>Umastzsteuer-Identifikationsnummer gem\u00e4\u00df \u00a727 a Umsatzsteuergesetz:<br>DE 353 905 512<br><\/p>\n<p><strong>Streitschlichtung:<\/strong><br>Die Europ\u00e4ische Kommission stellt eine Plattform zur Online-Streitbeilegung (OS) bereit:<br><a href=\"https:\/\/ec.europa.eu\/consumers\/odr\/\">https:\/\/ec.europa.eu\/consumers\/odr\/<\/a><br>Meine Email-Adresse findest du oben im Impressum.<\/p>\n<p><strong>Verbraucherstreitbeilegung\/Universalschlichtungsstelle<\/strong><br>Ich bin nicht bereit oder verpflichtet, an Streitbelegungsverfahren vor einer Verbraucherschlichtungsstelle teilzunehmen.<\/p>\n<p>Quelle: e-recht24.de<\/p>\t\t\t\t\t\t\t\t<\/div>\n\t\t\t\t<\/div>\n\t\t\t\t\t<\/div>\n\t\t<\/div>\n\t\t\t\t\t<\/div>\n\t\t<\/section>\n\t\t\t\t<\/div>","protected":false},"excerpt":{"rendered":"<p>Angaben gem\u00e4\u00df \u00a75 TMG Mandy BeckerSET HERO &#8211; eine Marke vonMandy Becker Kunst &amp; DesignMarkt 651103 K\u00f6ln Kontakt+49 176 612 655 79hello@sethero.de Umsatzsteuer-IDUmastzsteuer-Identifikationsnummer gem\u00e4\u00df \u00a727 a Umsatzsteuergesetz:DE 353 905 512 Streitschlichtung:Die Europ\u00e4ische Kommission stellt eine Plattform zur Online-Streitbeilegung (OS) bereit:https:\/\/ec.europa.eu\/consumers\/odr\/Meine Email-Adresse findest du oben im Impressum. Verbraucherstreitbeilegung\/UniversalschlichtungsstelleIch bin nicht bereit oder verpflichtet, an Streitbelegungsverfahren vor &#8230; <a title=\"Company details\" class=\"read-more\" href=\"https:\/\/sethero.de\/en\/impressum\/\" aria-label=\"Read more about Impressum\">Read more<\/a><\/p>","protected":false},"author":1,"featured_media":0,"parent":0,"menu_order":0,"comment_status":"closed","ping_status":"closed","template":"","meta":{"footnotes":""},"class_list":["post-63","page","type-page","status-publish"],"yoast_head":"<!-- This site is optimized with the Yoast SEO plugin v27.4 - https:\/\/yoast.com\/product\/yoast-seo-wordpress\/ -->\n<title>Impressum - SET HERO - die perfekte Set-Tasche<\/title>\n<meta name=\"robots\" content=\"index, follow, max-snippet:-1, max-image-preview:large, max-video-preview:-1\" \/>\n<link rel=\"canonical\" href=\"https:\/\/sethero.de\/en\/impressum\/\" \/>\n<meta property=\"og:locale\" content=\"en_US\" \/>\n<meta property=\"og:type\" content=\"article\" \/>\n<meta property=\"og:title\" content=\"Impressum - SET HERO - die perfekte Set-Tasche\" \/>\n<meta property=\"og:description\" content=\"Angaben gem\u00e4\u00df \u00a75 TMG Mandy BeckerSET HERO &#8211; eine Marke vonMandy Becker Kunst &amp; DesignMarkt 651103 K\u00f6ln Kontakt+49 176 612 655 79hello@sethero.de Umsatzsteuer-IDUmastzsteuer-Identifikationsnummer gem\u00e4\u00df \u00a727 a Umsatzsteuergesetz:DE 353 905 512 Streitschlichtung:Die Europ\u00e4ische Kommission stellt eine Plattform zur Online-Streitbeilegung (OS) bereit:https:\/\/ec.europa.eu\/consumers\/odr\/Meine Email-Adresse findest du oben im Impressum. Verbraucherstreitbeilegung\/UniversalschlichtungsstelleIch bin nicht bereit oder verpflichtet, an Streitbelegungsverfahren vor ... Read more\" \/>\n<meta property=\"og:url\" content=\"https:\/\/sethero.de\/en\/impressum\/\" \/>\n<meta property=\"og:site_name\" content=\"SET HERO - die perfekte Set-Tasche\" \/>\n<meta property=\"article:publisher\" content=\"https:\/\/www.facebook.com\/Die.perfekte.Settasche\" \/>\n<meta property=\"article:modified_time\" content=\"2022-08-01T12:50:21+00:00\" \/>\n<meta name=\"twitter:card\" content=\"summary_large_image\" \/>\n<meta name=\"twitter:site\" content=\"@SET_HERO_bags\" \/>\n<meta name=\"twitter:label1\" content=\"Est. reading time\" \/>\n\t<meta name=\"twitter:data1\" content=\"1 minute\" \/>\n<script type=\"application\/ld+json\" class=\"yoast-schema-graph\">{\"@context\":\"https:\\\/\\\/schema.org\",\"@graph\":[{\"@type\":\"WebPage\",\"@id\":\"https:\\\/\\\/sethero.de\\\/impressum\\\/\",\"url\":\"https:\\\/\\\/sethero.de\\\/impressum\\\/\",\"name\":\"Impressum - SET HERO - die perfekte Set-Tasche\",\"isPartOf\":{\"@id\":\"https:\\\/\\\/sethero.de\\\/#website\"},\"datePublished\":\"2022-01-12T21:54:36+00:00\",\"dateModified\":\"2022-08-01T12:50:21+00:00\",\"breadcrumb\":{\"@id\":\"https:\\\/\\\/sethero.de\\\/impressum\\\/#breadcrumb\"},\"inLanguage\":\"en-US\",\"potentialAction\":[{\"@type\":\"ReadAction\",\"target\":[\"https:\\\/\\\/sethero.de\\\/impressum\\\/\"]}]},{\"@type\":\"BreadcrumbList\",\"@id\":\"https:\\\/\\\/sethero.de\\\/impressum\\\/#breadcrumb\",\"itemListElement\":[{\"@type\":\"ListItem\",\"position\":1,\"name\":\"Home\",\"item\":\"https:\\\/\\\/sethero.de\\\/\"},{\"@type\":\"ListItem\",\"position\":2,\"name\":\"Impressum\"}]},{\"@type\":\"WebSite\",\"@id\":\"https:\\\/\\\/sethero.de\\\/#website\",\"url\":\"https:\\\/\\\/sethero.de\\\/\",\"name\":\"SET HERO - die perfekte Tasche f\u00fcr dein Set\",\"description\":\"Die perfekte Set-Tasche f\u00fcr die Kost\u00fcmarbeit am Filmset\",\"publisher\":{\"@id\":\"https:\\\/\\\/sethero.de\\\/#organization\"},\"alternateName\":\"Bags for costume professionals & passionates\",\"potentialAction\":[{\"@type\":\"SearchAction\",\"target\":{\"@type\":\"EntryPoint\",\"urlTemplate\":\"https:\\\/\\\/sethero.de\\\/?s={search_term_string}\"},\"query-input\":{\"@type\":\"PropertyValueSpecification\",\"valueRequired\":true,\"valueName\":\"search_term_string\"}}],\"inLanguage\":\"en-US\"},{\"@type\":\"Organization\",\"@id\":\"https:\\\/\\\/sethero.de\\\/#organization\",\"name\":\"SET HERO - die perfekte Tasche f\u00fcr dein Set\",\"url\":\"https:\\\/\\\/sethero.de\\\/\",\"logo\":{\"@type\":\"ImageObject\",\"inLanguage\":\"en-US\",\"@id\":\"https:\\\/\\\/sethero.de\\\/#\\\/schema\\\/logo\\\/image\\\/\",\"url\":\"https:\\\/\\\/sethero.de\\\/wp-content\\\/uploads\\\/2022\\\/06\\\/cropped-Logo-rund-SET-HERO_final_Quadrat_schwarz.jpg\",\"contentUrl\":\"https:\\\/\\\/sethero.de\\\/wp-content\\\/uploads\\\/2022\\\/06\\\/cropped-Logo-rund-SET-HERO_final_Quadrat_schwarz.jpg\",\"width\":2047,\"height\":407,\"caption\":\"SET HERO - die perfekte Tasche f\u00fcr dein Set\"},\"image\":{\"@id\":\"https:\\\/\\\/sethero.de\\\/#\\\/schema\\\/logo\\\/image\\\/\"},\"sameAs\":[\"https:\\\/\\\/www.facebook.com\\\/Die.perfekte.Settasche\",\"https:\\\/\\\/x.com\\\/SET_HERO_bags\",\"https:\\\/\\\/www.instagram.com\\\/set_hero_germany\\\/\"]}]}<\/script>\n<!-- \/ Yoast SEO plugin. -->","yoast_head_json":{"title":"Impressum - SET HERO - die perfekte Set-Tasche","robots":{"index":"index","follow":"follow","max-snippet":"max-snippet:-1","max-image-preview":"max-image-preview:large","max-video-preview":"max-video-preview:-1"},"canonical":"https:\/\/sethero.de\/en\/impressum\/","og_locale":"en_US","og_type":"article","og_title":"Impressum - SET HERO - die perfekte Set-Tasche","og_description":"Angaben gem\u00e4\u00df \u00a75 TMG Mandy BeckerSET HERO &#8211; eine Marke vonMandy Becker Kunst &amp; DesignMarkt 651103 K\u00f6ln Kontakt+49 176 612 655 79hello@sethero.de Umsatzsteuer-IDUmastzsteuer-Identifikationsnummer gem\u00e4\u00df \u00a727 a Umsatzsteuergesetz:DE 353 905 512 Streitschlichtung:Die Europ\u00e4ische Kommission stellt eine Plattform zur Online-Streitbeilegung (OS) bereit:https:\/\/ec.europa.eu\/consumers\/odr\/Meine Email-Adresse findest du oben im Impressum. Verbraucherstreitbeilegung\/UniversalschlichtungsstelleIch bin nicht bereit oder verpflichtet, an Streitbelegungsverfahren vor ... Read more","og_url":"https:\/\/sethero.de\/en\/impressum\/","og_site_name":"SET HERO - die perfekte Set-Tasche","article_publisher":"https:\/\/www.facebook.com\/Die.perfekte.Settasche","article_modified_time":"2022-08-01T12:50:21+00:00","twitter_card":"summary_large_image","twitter_site":"@SET_HERO_bags","twitter_misc":{"Est. reading time":"1 minute"},"schema":{"@context":"https:\/\/schema.org","@graph":[{"@type":"WebPage","@id":"https:\/\/sethero.de\/impressum\/","url":"https:\/\/sethero.de\/impressum\/","name":"Impressum - SET HERO - die perfekte Set-Tasche","isPartOf":{"@id":"https:\/\/sethero.de\/#website"},"datePublished":"2022-01-12T21:54:36+00:00","dateModified":"2022-08-01T12:50:21+00:00","breadcrumb":{"@id":"https:\/\/sethero.de\/impressum\/#breadcrumb"},"inLanguage":"en-US","potentialAction":[{"@type":"ReadAction","target":["https:\/\/sethero.de\/impressum\/"]}]},{"@type":"BreadcrumbList","@id":"https:\/\/sethero.de\/impressum\/#breadcrumb","itemListElement":[{"@type":"ListItem","position":1,"name":"Home","item":"https:\/\/sethero.de\/"},{"@type":"ListItem","position":2,"name":"Impressum"}]},{"@type":"WebSite","@id":"https:\/\/sethero.de\/#website","url":"https:\/\/sethero.de\/","name":"SET HERO - die perfekte Tasche f\u00fcr dein Set","description":"Die perfekte Set-Tasche f\u00fcr die Kost\u00fcmarbeit am Filmset","publisher":{"@id":"https:\/\/sethero.de\/#organization"},"alternateName":"Bags for costume professionals & passionates","potentialAction":[{"@type":"SearchAction","target":{"@type":"EntryPoint","urlTemplate":"https:\/\/sethero.de\/?s={search_term_string}"},"query-input":{"@type":"PropertyValueSpecification","valueRequired":true,"valueName":"search_term_string"}}],"inLanguage":"en-US"},{"@type":"Organization","@id":"https:\/\/sethero.de\/#organization","name":"SET HERO - die perfekte Tasche f\u00fcr dein Set","url":"https:\/\/sethero.de\/","logo":{"@type":"ImageObject","inLanguage":"en-US","@id":"https:\/\/sethero.de\/#\/schema\/logo\/image\/","url":"https:\/\/sethero.de\/wp-content\/uploads\/2022\/06\/cropped-Logo-rund-SET-HERO_final_Quadrat_schwarz.jpg","contentUrl":"https:\/\/sethero.de\/wp-content\/uploads\/2022\/06\/cropped-Logo-rund-SET-HERO_final_Quadrat_schwarz.jpg","width":2047,"height":407,"caption":"SET HERO - die perfekte Tasche f\u00fcr dein Set"},"image":{"@id":"https:\/\/sethero.de\/#\/schema\/logo\/image\/"},"sameAs":["https:\/\/www.facebook.com\/Die.perfekte.Settasche","https:\/\/x.com\/SET_HERO_bags","https:\/\/www.instagram.com\/set_hero_germany\/"]}]}},"jetpack_sharing_enabled":true,"_links":{"self":[{"href":"https:\/\/sethero.de\/en\/wp-json\/wp\/v2\/pages\/63","targetHints":{"allow":["GET"]}}],"collection":[{"href":"https:\/\/sethero.de\/en\/wp-json\/wp\/v2\/pages"}],"about":[{"href":"https:\/\/sethero.de\/en\/wp-json\/wp\/v2\/types\/page"}],"author":[{"embeddable":true,"href":"https:\/\/sethero.de\/en\/wp-json\/wp\/v2\/users\/1"}],"replies":[{"embeddable":true,"href":"https:\/\/sethero.de\/en\/wp-json\/wp\/v2\/comments?post=63"}],"version-history":[{"count":31,"href":"https:\/\/sethero.de\/en\/wp-json\/wp\/v2\/pages\/63\/revisions"}],"predecessor-version":[{"id":287,"href":"https:\/\/sethero.de\/en\/wp-json\/wp\/v2\/pages\/63\/revisions\/287"}],"wp:attachment":[{"href":"https:\/\/sethero.de\/en\/wp-json\/wp\/v2\/media?parent=63"}],"curies":[{"name":"wp","href":"https:\/\/api.w.org\/{rel}","templated":true}]}}