{"id":1052,"date":"2022-10-23T20:43:44","date_gmt":"2022-10-23T18:43:44","guid":{"rendered":"https:\/\/sethero.de\/?post_type=product&#038;p=1052"},"modified":"2024-05-03T18:44:29","modified_gmt":"2024-05-03T16:44:29","slug":"schere_klein_schwarz","status":"publish","type":"product","link":"https:\/\/sethero.de\/en\/product\/schere_klein_schwarz\/","title":{"rendered":"Scissor bag, small \u2013 cork black with silver"},"content":{"rendered":"<p>You can just slide you scissors into the bag where they will be well protected by the water-resistant cork fabric. Hidden inside the bag is a magnet which makes sure to keep the scissors inside while you're moving around.<\/p>\n<p>The press buttons on the back allow you to attach your scissor case safely on a belt or any other kind of strap.<\/p>","protected":false},"excerpt":{"rendered":"<p class=\"translation-block\">With this little guy you have better access to your small scissors. <br> Just slide them into the bag \u2013 a magnet makes sure they won't fall out!<\/p>","protected":false},"featured_media":1521,"template":"","meta":[],"product_brand":[],"product_cat":[105],"product_tag":[70,71,72,73,74,75,60,61],"class_list":{"0":"post-1052","1":"product","2":"type-product","3":"status-publish","4":"has-post-thumbnail","6":"product_cat-scheren","7":"product_tag-schere","8":"product_tag-scheren","9":"product_tag-einschub","10":"product_tag-einschubtasche","11":"product_tag-scheide","12":"product_tag-magnet","13":"product_tag-maeppchen","14":"product_tag-etui","16":"first","17":"instock","18":"taxable","19":"shipping-taxable","20":"purchasable","21":"product-type-simple"},"yoast_head":"<!-- This site is optimized with the Yoast SEO plugin v27.4 - https:\/\/yoast.com\/product\/yoast-seo-wordpress\/ -->\n<title>Tasche f\u00fcr kleine Scheren - Korkstoff schwarz mit Silber - SET HERO - die perfekte Set-Tasche<\/title>\n<meta name=\"description\" content=\"Die kleine Tasche f\u00fcr deine Fadenschere oder Stickschere. Sie kann am G\u00fcrtel befestigt werden und ein Magnet verhindert, dass die Schere herausf\u00e4llt.\" \/>\n<meta name=\"robots\" content=\"index, follow, max-snippet:-1, max-image-preview:large, max-video-preview:-1\" \/>\n<link rel=\"canonical\" href=\"https:\/\/sethero.de\/en\/product\/schere_klein_schwarz\/\" \/>\n<meta property=\"og:locale\" content=\"en_US\" \/>\n<meta property=\"og:type\" content=\"article\" \/>\n<meta property=\"og:title\" content=\"Tasche f\u00fcr kleine Scheren - Korkstoff schwarz mit Silber - SET HERO - die perfekte Set-Tasche\" \/>\n<meta property=\"og:description\" content=\"Die kleine Tasche f\u00fcr deine Fadenschere oder Stickschere. Sie kann am G\u00fcrtel befestigt werden und ein Magnet verhindert, dass die Schere herausf\u00e4llt.\" \/>\n<meta property=\"og:url\" content=\"https:\/\/sethero.de\/en\/product\/schere_klein_schwarz\/\" \/>\n<meta property=\"og:site_name\" content=\"SET HERO - die perfekte Set-Tasche\" \/>\n<meta property=\"article:publisher\" content=\"https:\/\/www.facebook.com\/Die.perfekte.Settasche\" \/>\n<meta property=\"article:modified_time\" content=\"2024-05-03T16:44:29+00:00\" \/>\n<meta property=\"og:image\" content=\"https:\/\/sethero.de\/wp-content\/uploads\/2022\/12\/Gross-SET-HERO_11-2022_1007.jpeg\" \/>\n\t<meta property=\"og:image:width\" content=\"1280\" \/>\n\t<meta property=\"og:image:height\" content=\"853\" \/>\n\t<meta property=\"og:image:type\" content=\"image\/jpeg\" \/>\n<meta name=\"twitter:card\" content=\"summary_large_image\" \/>\n<meta name=\"twitter:site\" content=\"@SET_HERO_bags\" \/>\n<meta name=\"twitter:label1\" content=\"Est. reading time\" \/>\n\t<meta name=\"twitter:data1\" content=\"1 minute\" \/>\n<script type=\"application\/ld+json\" class=\"yoast-schema-graph\">{\"@context\":\"https:\\\/\\\/schema.org\",\"@graph\":[{\"@type\":\"WebPage\",\"@id\":\"https:\\\/\\\/sethero.de\\\/produkt\\\/schere_klein_schwarz\\\/\",\"url\":\"https:\\\/\\\/sethero.de\\\/produkt\\\/schere_klein_schwarz\\\/\",\"name\":\"Tasche f\u00fcr kleine Scheren - Korkstoff schwarz mit Silber - SET HERO - die perfekte Set-Tasche\",\"isPartOf\":{\"@id\":\"https:\\\/\\\/sethero.de\\\/#website\"},\"primaryImageOfPage\":{\"@id\":\"https:\\\/\\\/sethero.de\\\/produkt\\\/schere_klein_schwarz\\\/#primaryimage\"},\"image\":{\"@id\":\"https:\\\/\\\/sethero.de\\\/produkt\\\/schere_klein_schwarz\\\/#primaryimage\"},\"thumbnailUrl\":\"https:\\\/\\\/sethero.de\\\/wp-content\\\/uploads\\\/2022\\\/12\\\/Gross-SET-HERO_11-2022_1007.jpeg\",\"datePublished\":\"2022-10-23T18:43:44+00:00\",\"dateModified\":\"2024-05-03T16:44:29+00:00\",\"description\":\"Die kleine Tasche f\u00fcr deine Fadenschere oder Stickschere. Sie kann am G\u00fcrtel befestigt werden und ein Magnet verhindert, dass die Schere herausf\u00e4llt.\",\"breadcrumb\":{\"@id\":\"https:\\\/\\\/sethero.de\\\/produkt\\\/schere_klein_schwarz\\\/#breadcrumb\"},\"inLanguage\":\"en-US\",\"potentialAction\":[{\"@type\":\"ReadAction\",\"target\":[\"https:\\\/\\\/sethero.de\\\/produkt\\\/schere_klein_schwarz\\\/\"]}]},{\"@type\":\"ImageObject\",\"inLanguage\":\"en-US\",\"@id\":\"https:\\\/\\\/sethero.de\\\/produkt\\\/schere_klein_schwarz\\\/#primaryimage\",\"url\":\"https:\\\/\\\/sethero.de\\\/wp-content\\\/uploads\\\/2022\\\/12\\\/Gross-SET-HERO_11-2022_1007.jpeg\",\"contentUrl\":\"https:\\\/\\\/sethero.de\\\/wp-content\\\/uploads\\\/2022\\\/12\\\/Gross-SET-HERO_11-2022_1007.jpeg\",\"width\":1280,\"height\":853,\"caption\":\"Tasche f\u00fcr kleine Scheren, vorne, Korkstoff schwarz mit Silber\"},{\"@type\":\"BreadcrumbList\",\"@id\":\"https:\\\/\\\/sethero.de\\\/produkt\\\/schere_klein_schwarz\\\/#breadcrumb\",\"itemListElement\":[{\"@type\":\"ListItem\",\"position\":1,\"name\":\"Home\",\"item\":\"https:\\\/\\\/sethero.de\\\/\"},{\"@type\":\"ListItem\",\"position\":2,\"name\":\"Shop\",\"item\":\"https:\\\/\\\/sethero.de\\\/shop\\\/\"},{\"@type\":\"ListItem\",\"position\":3,\"name\":\"Tasche f\u00fcr kleine Scheren &#8211; Korkstoff schwarz mit Silber\"}]},{\"@type\":\"WebSite\",\"@id\":\"https:\\\/\\\/sethero.de\\\/#website\",\"url\":\"https:\\\/\\\/sethero.de\\\/\",\"name\":\"SET HERO - die perfekte Tasche f\u00fcr dein Set\",\"description\":\"Die perfekte Set-Tasche f\u00fcr die Kost\u00fcmarbeit am Filmset\",\"publisher\":{\"@id\":\"https:\\\/\\\/sethero.de\\\/#organization\"},\"alternateName\":\"Bags for costume professionals & passionates\",\"potentialAction\":[{\"@type\":\"SearchAction\",\"target\":{\"@type\":\"EntryPoint\",\"urlTemplate\":\"https:\\\/\\\/sethero.de\\\/?s={search_term_string}\"},\"query-input\":{\"@type\":\"PropertyValueSpecification\",\"valueRequired\":true,\"valueName\":\"search_term_string\"}}],\"inLanguage\":\"en-US\"},{\"@type\":\"Organization\",\"@id\":\"https:\\\/\\\/sethero.de\\\/#organization\",\"name\":\"SET HERO - die perfekte Tasche f\u00fcr dein Set\",\"url\":\"https:\\\/\\\/sethero.de\\\/\",\"logo\":{\"@type\":\"ImageObject\",\"inLanguage\":\"en-US\",\"@id\":\"https:\\\/\\\/sethero.de\\\/#\\\/schema\\\/logo\\\/image\\\/\",\"url\":\"https:\\\/\\\/sethero.de\\\/wp-content\\\/uploads\\\/2022\\\/06\\\/cropped-Logo-rund-SET-HERO_final_Quadrat_schwarz.jpg\",\"contentUrl\":\"https:\\\/\\\/sethero.de\\\/wp-content\\\/uploads\\\/2022\\\/06\\\/cropped-Logo-rund-SET-HERO_final_Quadrat_schwarz.jpg\",\"width\":2047,\"height\":407,\"caption\":\"SET HERO - die perfekte Tasche f\u00fcr dein Set\"},\"image\":{\"@id\":\"https:\\\/\\\/sethero.de\\\/#\\\/schema\\\/logo\\\/image\\\/\"},\"sameAs\":[\"https:\\\/\\\/www.facebook.com\\\/Die.perfekte.Settasche\",\"https:\\\/\\\/x.com\\\/SET_HERO_bags\",\"https:\\\/\\\/www.instagram.com\\\/set_hero_germany\\\/\"]}]}<\/script>\n<!-- \/ Yoast SEO plugin. -->","yoast_head_json":{"title":"Tasche f\u00fcr kleine Scheren - Korkstoff schwarz mit Silber - SET HERO - die perfekte Set-Tasche","description":"Die kleine Tasche f\u00fcr deine Fadenschere oder Stickschere. Sie kann am G\u00fcrtel befestigt werden und ein Magnet verhindert, dass die Schere herausf\u00e4llt.","robots":{"index":"index","follow":"follow","max-snippet":"max-snippet:-1","max-image-preview":"max-image-preview:large","max-video-preview":"max-video-preview:-1"},"canonical":"https:\/\/sethero.de\/en\/product\/schere_klein_schwarz\/","og_locale":"en_US","og_type":"article","og_title":"Tasche f\u00fcr kleine Scheren - Korkstoff schwarz mit Silber - SET HERO - die perfekte Set-Tasche","og_description":"Die kleine Tasche f\u00fcr deine Fadenschere oder Stickschere. Sie kann am G\u00fcrtel befestigt werden und ein Magnet verhindert, dass die Schere herausf\u00e4llt.","og_url":"https:\/\/sethero.de\/en\/product\/schere_klein_schwarz\/","og_site_name":"SET HERO - die perfekte Set-Tasche","article_publisher":"https:\/\/www.facebook.com\/Die.perfekte.Settasche","article_modified_time":"2024-05-03T16:44:29+00:00","og_image":[{"width":1280,"height":853,"url":"https:\/\/sethero.de\/wp-content\/uploads\/2022\/12\/Gross-SET-HERO_11-2022_1007.jpeg","type":"image\/jpeg"}],"twitter_card":"summary_large_image","twitter_site":"@SET_HERO_bags","twitter_misc":{"Est. reading time":"1 minute"},"schema":{"@context":"https:\/\/schema.org","@graph":[{"@type":"WebPage","@id":"https:\/\/sethero.de\/produkt\/schere_klein_schwarz\/","url":"https:\/\/sethero.de\/produkt\/schere_klein_schwarz\/","name":"Tasche f\u00fcr kleine Scheren - Korkstoff schwarz mit Silber - SET HERO - die perfekte Set-Tasche","isPartOf":{"@id":"https:\/\/sethero.de\/#website"},"primaryImageOfPage":{"@id":"https:\/\/sethero.de\/produkt\/schere_klein_schwarz\/#primaryimage"},"image":{"@id":"https:\/\/sethero.de\/produkt\/schere_klein_schwarz\/#primaryimage"},"thumbnailUrl":"https:\/\/sethero.de\/wp-content\/uploads\/2022\/12\/Gross-SET-HERO_11-2022_1007.jpeg","datePublished":"2022-10-23T18:43:44+00:00","dateModified":"2024-05-03T16:44:29+00:00","description":"Die kleine Tasche f\u00fcr deine Fadenschere oder Stickschere. Sie kann am G\u00fcrtel befestigt werden und ein Magnet verhindert, dass die Schere herausf\u00e4llt.","breadcrumb":{"@id":"https:\/\/sethero.de\/produkt\/schere_klein_schwarz\/#breadcrumb"},"inLanguage":"en-US","potentialAction":[{"@type":"ReadAction","target":["https:\/\/sethero.de\/produkt\/schere_klein_schwarz\/"]}]},{"@type":"ImageObject","inLanguage":"en-US","@id":"https:\/\/sethero.de\/produkt\/schere_klein_schwarz\/#primaryimage","url":"https:\/\/sethero.de\/wp-content\/uploads\/2022\/12\/Gross-SET-HERO_11-2022_1007.jpeg","contentUrl":"https:\/\/sethero.de\/wp-content\/uploads\/2022\/12\/Gross-SET-HERO_11-2022_1007.jpeg","width":1280,"height":853,"caption":"Tasche f\u00fcr kleine Scheren, vorne, Korkstoff schwarz mit Silber"},{"@type":"BreadcrumbList","@id":"https:\/\/sethero.de\/produkt\/schere_klein_schwarz\/#breadcrumb","itemListElement":[{"@type":"ListItem","position":1,"name":"Home","item":"https:\/\/sethero.de\/"},{"@type":"ListItem","position":2,"name":"Shop","item":"https:\/\/sethero.de\/shop\/"},{"@type":"ListItem","position":3,"name":"Tasche f\u00fcr kleine Scheren &#8211; Korkstoff schwarz mit Silber"}]},{"@type":"WebSite","@id":"https:\/\/sethero.de\/#website","url":"https:\/\/sethero.de\/","name":"SET HERO - die perfekte Tasche f\u00fcr dein Set","description":"Die perfekte Set-Tasche f\u00fcr die Kost\u00fcmarbeit am Filmset","publisher":{"@id":"https:\/\/sethero.de\/#organization"},"alternateName":"Bags for costume professionals & passionates","potentialAction":[{"@type":"SearchAction","target":{"@type":"EntryPoint","urlTemplate":"https:\/\/sethero.de\/?s={search_term_string}"},"query-input":{"@type":"PropertyValueSpecification","valueRequired":true,"valueName":"search_term_string"}}],"inLanguage":"en-US"},{"@type":"Organization","@id":"https:\/\/sethero.de\/#organization","name":"SET HERO - die perfekte Tasche f\u00fcr dein Set","url":"https:\/\/sethero.de\/","logo":{"@type":"ImageObject","inLanguage":"en-US","@id":"https:\/\/sethero.de\/#\/schema\/logo\/image\/","url":"https:\/\/sethero.de\/wp-content\/uploads\/2022\/06\/cropped-Logo-rund-SET-HERO_final_Quadrat_schwarz.jpg","contentUrl":"https:\/\/sethero.de\/wp-content\/uploads\/2022\/06\/cropped-Logo-rund-SET-HERO_final_Quadrat_schwarz.jpg","width":2047,"height":407,"caption":"SET HERO - die perfekte Tasche f\u00fcr dein Set"},"image":{"@id":"https:\/\/sethero.de\/#\/schema\/logo\/image\/"},"sameAs":["https:\/\/www.facebook.com\/Die.perfekte.Settasche","https:\/\/x.com\/SET_HERO_bags","https:\/\/www.instagram.com\/set_hero_germany\/"]}]}},"jetpack_sharing_enabled":true,"_links":{"self":[{"href":"https:\/\/sethero.de\/en\/wp-json\/wp\/v2\/product\/1052","targetHints":{"allow":["GET"]}}],"collection":[{"href":"https:\/\/sethero.de\/en\/wp-json\/wp\/v2\/product"}],"about":[{"href":"https:\/\/sethero.de\/en\/wp-json\/wp\/v2\/types\/product"}],"wp:featuredmedia":[{"embeddable":true,"href":"https:\/\/sethero.de\/en\/wp-json\/wp\/v2\/media\/1521"}],"wp:attachment":[{"href":"https:\/\/sethero.de\/en\/wp-json\/wp\/v2\/media?parent=1052"}],"wp:term":[{"taxonomy":"product_brand","embeddable":true,"href":"https:\/\/sethero.de\/en\/wp-json\/wp\/v2\/product_brand?post=1052"},{"taxonomy":"product_cat","embeddable":true,"href":"https:\/\/sethero.de\/en\/wp-json\/wp\/v2\/product_cat?post=1052"},{"taxonomy":"product_tag","embeddable":true,"href":"https:\/\/sethero.de\/en\/wp-json\/wp\/v2\/product_tag?post=1052"}],"curies":[{"name":"wp","href":"https:\/\/api.w.org\/{rel}","templated":true}]}}