{"id":1057,"date":"2022-10-24T12:01:20","date_gmt":"2022-10-24T10:01:20","guid":{"rendered":"https:\/\/sethero.de\/?post_type=product&#038;p=1057"},"modified":"2024-05-03T18:53:14","modified_gmt":"2024-05-03T16:53:14","slug":"guerteltasche_gold","status":"publish","type":"product","link":"https:\/\/sethero.de\/en\/product\/guerteltasche_gold\/","title":{"rendered":"SET HERO belt bag \u2013 cork natural with gold"},"content":{"rendered":"<p><strong>Here's an overview of all the things the SET HERO comes with:<\/strong><\/p>\n<p><strong>Front:<\/strong><br \/>\n\u2013 patch pocket with a zipper<br \/>\n\u2013 small zipper compartment in the bottom<\/p>\n<p><strong>Right-hand side<\/strong><br \/>\n\u2013 slide-in pocket with a magnet for small scissors<br \/>\n\u2013 belt strap to attach tools, e.g. the lint roller case<br \/>\n\u2013 magnetic clip to hold your call sheet, notes, a drawstring bag, etc.<\/p>\n<p><strong>Left-hand side<\/strong><br \/>\n\u2013 belt strap to attach tools such as a radio set or the stitch gun holster<br \/>\n\u2013 carabiner hook to display a crew member card or more equipment, e.g. keys, bags, a lint glove, etc.<\/p>\n<p><strong>Inside<\/strong><br \/>\n\u2013 lid with 8 elastic bands to strap in your yarns and tapes, etc.; opens with a two-way zipper<br \/>\n\u2013 two large compartments, divided by a sturdy double fabric layer<br \/>\n\u2013 patch pocket on the divider, closes with a magnetic band to safely hold e.g. safety pins<br \/>\n\u2013 three smaller slide-in compartments, e.g. for hair tape, small boxes, a small brush, etc.<\/p>\n<p><strong>Back<\/strong><br \/>\n\u2013 large zipper compartment<br \/>\n\u2013 small pocket in credit card size, e.g. for a hotel key card, ID or measuring tape<br \/>\n\u2013 Compartment with a magnetic clip to quickly and safely store your smart phone<\/p>","protected":false},"excerpt":{"rendered":"<p>Your SET HERO with many compartments and features \u2013 you'll be set perfectly and have everything you need at the ready.<\/p>","protected":false},"featured_media":1236,"template":"","meta":[],"product_brand":[],"product_cat":[45],"product_tag":[58,110,59,111,69,112,88,113,89,114,115,116,117,55,97,120,56,99,121,57],"class_list":{"0":"post-1057","1":"product","2":"type-product","3":"status-publish","4":"has-post-thumbnail","6":"product_cat-guerteltaschen","7":"product_tag-bauchtasche","8":"product_tag-hip-bag","9":"product_tag-arbeitstasche","10":"product_tag-faecher","11":"product_tag-reissverschluss","12":"product_tag-set-hero","13":"product_tag-kork","14":"product_tag-set","15":"product_tag-korkstoff","16":"product_tag-guertel","17":"product_tag-gurt","18":"product_tag-crossbody","19":"product_tag-umhaengetasche","20":"product_tag-guerteltasche","21":"product_tag-set-tasche","22":"product_tag-fanny-pack","23":"product_tag-tasche","24":"product_tag-gross","25":"product_tag-bumbag","26":"product_tag-settasche","28":"first","29":"instock","30":"taxable","31":"shipping-taxable","32":"purchasable","33":"product-type-variable"},"yoast_head":"<!-- This site is optimized with the Yoast SEO plugin v27.4 - https:\/\/yoast.com\/product\/yoast-seo-wordpress\/ -->\n<title>SET HERO G\u00fcrteltasche - Korkstoff natur mit Gold - SET HERO - die perfekte Set-Tasche<\/title>\n<meta name=\"description\" content=\"Praktisch, effizient, umweltfreundlich: SET HERO Arbeitstaschen aus Korkstoff! Klicke hier, um die verschiedenen Taschen zu sehen und w\u00e4hle dein Design.\" \/>\n<meta name=\"robots\" content=\"index, follow, max-snippet:-1, max-image-preview:large, max-video-preview:-1\" \/>\n<link rel=\"canonical\" href=\"https:\/\/sethero.de\/en\/product\/guerteltasche_gold\/\" \/>\n<meta property=\"og:locale\" content=\"en_US\" \/>\n<meta property=\"og:type\" content=\"article\" \/>\n<meta property=\"og:title\" content=\"SET HERO G\u00fcrteltasche - Korkstoff natur mit Gold - SET HERO - die perfekte Set-Tasche\" \/>\n<meta property=\"og:description\" content=\"Praktisch, effizient, umweltfreundlich: SET HERO Arbeitstaschen aus Korkstoff! Klicke hier, um die verschiedenen Taschen zu sehen und w\u00e4hle dein Design.\" \/>\n<meta property=\"og:url\" content=\"https:\/\/sethero.de\/en\/product\/guerteltasche_gold\/\" \/>\n<meta property=\"og:site_name\" content=\"SET HERO - die perfekte Set-Tasche\" \/>\n<meta property=\"article:publisher\" content=\"https:\/\/www.facebook.com\/Die.perfekte.Settasche\" \/>\n<meta property=\"article:modified_time\" content=\"2024-05-03T16:53:14+00:00\" \/>\n<meta property=\"og:image\" content=\"https:\/\/sethero.de\/wp-content\/uploads\/2022\/10\/H3A3372-Gross.jpeg\" \/>\n\t<meta property=\"og:image:width\" content=\"1280\" \/>\n\t<meta property=\"og:image:height\" content=\"853\" \/>\n\t<meta property=\"og:image:type\" content=\"image\/jpeg\" \/>\n<meta name=\"twitter:card\" content=\"summary_large_image\" \/>\n<meta name=\"twitter:site\" content=\"@SET_HERO_bags\" \/>\n<meta name=\"twitter:label1\" content=\"Est. reading time\" \/>\n\t<meta name=\"twitter:data1\" content=\"2 minutes\" \/>\n<script type=\"application\/ld+json\" class=\"yoast-schema-graph\">{\"@context\":\"https:\\\/\\\/schema.org\",\"@graph\":[{\"@type\":\"WebPage\",\"@id\":\"https:\\\/\\\/sethero.de\\\/produkt\\\/guerteltasche_gold\\\/\",\"url\":\"https:\\\/\\\/sethero.de\\\/produkt\\\/guerteltasche_gold\\\/\",\"name\":\"SET HERO G\u00fcrteltasche - Korkstoff natur mit Gold - SET HERO - die perfekte Set-Tasche\",\"isPartOf\":{\"@id\":\"https:\\\/\\\/sethero.de\\\/#website\"},\"primaryImageOfPage\":{\"@id\":\"https:\\\/\\\/sethero.de\\\/produkt\\\/guerteltasche_gold\\\/#primaryimage\"},\"image\":{\"@id\":\"https:\\\/\\\/sethero.de\\\/produkt\\\/guerteltasche_gold\\\/#primaryimage\"},\"thumbnailUrl\":\"https:\\\/\\\/sethero.de\\\/wp-content\\\/uploads\\\/2022\\\/10\\\/H3A3372-Gross.jpeg\",\"datePublished\":\"2022-10-24T10:01:20+00:00\",\"dateModified\":\"2024-05-03T16:53:14+00:00\",\"description\":\"Praktisch, effizient, umweltfreundlich: SET HERO Arbeitstaschen aus Korkstoff! Klicke hier, um die verschiedenen Taschen zu sehen und w\u00e4hle dein Design.\",\"breadcrumb\":{\"@id\":\"https:\\\/\\\/sethero.de\\\/produkt\\\/guerteltasche_gold\\\/#breadcrumb\"},\"inLanguage\":\"en-US\",\"potentialAction\":[{\"@type\":\"ReadAction\",\"target\":[\"https:\\\/\\\/sethero.de\\\/produkt\\\/guerteltasche_gold\\\/\"]}]},{\"@type\":\"ImageObject\",\"inLanguage\":\"en-US\",\"@id\":\"https:\\\/\\\/sethero.de\\\/produkt\\\/guerteltasche_gold\\\/#primaryimage\",\"url\":\"https:\\\/\\\/sethero.de\\\/wp-content\\\/uploads\\\/2022\\\/10\\\/H3A3372-Gross.jpeg\",\"contentUrl\":\"https:\\\/\\\/sethero.de\\\/wp-content\\\/uploads\\\/2022\\\/10\\\/H3A3372-Gross.jpeg\",\"width\":1280,\"height\":853,\"caption\":\"G\u00fcrteltasche gold\"},{\"@type\":\"BreadcrumbList\",\"@id\":\"https:\\\/\\\/sethero.de\\\/produkt\\\/guerteltasche_gold\\\/#breadcrumb\",\"itemListElement\":[{\"@type\":\"ListItem\",\"position\":1,\"name\":\"Home\",\"item\":\"https:\\\/\\\/sethero.de\\\/\"},{\"@type\":\"ListItem\",\"position\":2,\"name\":\"Shop\",\"item\":\"https:\\\/\\\/sethero.de\\\/shop\\\/\"},{\"@type\":\"ListItem\",\"position\":3,\"name\":\"SET HERO G\u00fcrteltasche &#8211; Korkstoff natur mit Gold\"}]},{\"@type\":\"WebSite\",\"@id\":\"https:\\\/\\\/sethero.de\\\/#website\",\"url\":\"https:\\\/\\\/sethero.de\\\/\",\"name\":\"SET HERO - die perfekte Tasche f\u00fcr dein Set\",\"description\":\"Die perfekte Set-Tasche f\u00fcr die Kost\u00fcmarbeit am Filmset\",\"publisher\":{\"@id\":\"https:\\\/\\\/sethero.de\\\/#organization\"},\"alternateName\":\"Bags for costume professionals & passionates\",\"potentialAction\":[{\"@type\":\"SearchAction\",\"target\":{\"@type\":\"EntryPoint\",\"urlTemplate\":\"https:\\\/\\\/sethero.de\\\/?s={search_term_string}\"},\"query-input\":{\"@type\":\"PropertyValueSpecification\",\"valueRequired\":true,\"valueName\":\"search_term_string\"}}],\"inLanguage\":\"en-US\"},{\"@type\":\"Organization\",\"@id\":\"https:\\\/\\\/sethero.de\\\/#organization\",\"name\":\"SET HERO - die perfekte Tasche f\u00fcr dein Set\",\"url\":\"https:\\\/\\\/sethero.de\\\/\",\"logo\":{\"@type\":\"ImageObject\",\"inLanguage\":\"en-US\",\"@id\":\"https:\\\/\\\/sethero.de\\\/#\\\/schema\\\/logo\\\/image\\\/\",\"url\":\"https:\\\/\\\/sethero.de\\\/wp-content\\\/uploads\\\/2022\\\/06\\\/cropped-Logo-rund-SET-HERO_final_Quadrat_schwarz.jpg\",\"contentUrl\":\"https:\\\/\\\/sethero.de\\\/wp-content\\\/uploads\\\/2022\\\/06\\\/cropped-Logo-rund-SET-HERO_final_Quadrat_schwarz.jpg\",\"width\":2047,\"height\":407,\"caption\":\"SET HERO - die perfekte Tasche f\u00fcr dein Set\"},\"image\":{\"@id\":\"https:\\\/\\\/sethero.de\\\/#\\\/schema\\\/logo\\\/image\\\/\"},\"sameAs\":[\"https:\\\/\\\/www.facebook.com\\\/Die.perfekte.Settasche\",\"https:\\\/\\\/x.com\\\/SET_HERO_bags\",\"https:\\\/\\\/www.instagram.com\\\/set_hero_germany\\\/\"]}]}<\/script>\n<!-- \/ Yoast SEO plugin. -->","yoast_head_json":{"title":"SET HERO G\u00fcrteltasche - Korkstoff natur mit Gold - SET HERO - die perfekte Set-Tasche","description":"Praktisch, effizient, umweltfreundlich: SET HERO Arbeitstaschen aus Korkstoff! Klicke hier, um die verschiedenen Taschen zu sehen und w\u00e4hle dein Design.","robots":{"index":"index","follow":"follow","max-snippet":"max-snippet:-1","max-image-preview":"max-image-preview:large","max-video-preview":"max-video-preview:-1"},"canonical":"https:\/\/sethero.de\/en\/product\/guerteltasche_gold\/","og_locale":"en_US","og_type":"article","og_title":"SET HERO G\u00fcrteltasche - Korkstoff natur mit Gold - SET HERO - die perfekte Set-Tasche","og_description":"Praktisch, effizient, umweltfreundlich: SET HERO Arbeitstaschen aus Korkstoff! Klicke hier, um die verschiedenen Taschen zu sehen und w\u00e4hle dein Design.","og_url":"https:\/\/sethero.de\/en\/product\/guerteltasche_gold\/","og_site_name":"SET HERO - die perfekte Set-Tasche","article_publisher":"https:\/\/www.facebook.com\/Die.perfekte.Settasche","article_modified_time":"2024-05-03T16:53:14+00:00","og_image":[{"width":1280,"height":853,"url":"https:\/\/sethero.de\/wp-content\/uploads\/2022\/10\/H3A3372-Gross.jpeg","type":"image\/jpeg"}],"twitter_card":"summary_large_image","twitter_site":"@SET_HERO_bags","twitter_misc":{"Est. reading time":"2 minutes"},"schema":{"@context":"https:\/\/schema.org","@graph":[{"@type":"WebPage","@id":"https:\/\/sethero.de\/produkt\/guerteltasche_gold\/","url":"https:\/\/sethero.de\/produkt\/guerteltasche_gold\/","name":"SET HERO G\u00fcrteltasche - Korkstoff natur mit Gold - SET HERO - die perfekte Set-Tasche","isPartOf":{"@id":"https:\/\/sethero.de\/#website"},"primaryImageOfPage":{"@id":"https:\/\/sethero.de\/produkt\/guerteltasche_gold\/#primaryimage"},"image":{"@id":"https:\/\/sethero.de\/produkt\/guerteltasche_gold\/#primaryimage"},"thumbnailUrl":"https:\/\/sethero.de\/wp-content\/uploads\/2022\/10\/H3A3372-Gross.jpeg","datePublished":"2022-10-24T10:01:20+00:00","dateModified":"2024-05-03T16:53:14+00:00","description":"Praktisch, effizient, umweltfreundlich: SET HERO Arbeitstaschen aus Korkstoff! Klicke hier, um die verschiedenen Taschen zu sehen und w\u00e4hle dein Design.","breadcrumb":{"@id":"https:\/\/sethero.de\/produkt\/guerteltasche_gold\/#breadcrumb"},"inLanguage":"en-US","potentialAction":[{"@type":"ReadAction","target":["https:\/\/sethero.de\/produkt\/guerteltasche_gold\/"]}]},{"@type":"ImageObject","inLanguage":"en-US","@id":"https:\/\/sethero.de\/produkt\/guerteltasche_gold\/#primaryimage","url":"https:\/\/sethero.de\/wp-content\/uploads\/2022\/10\/H3A3372-Gross.jpeg","contentUrl":"https:\/\/sethero.de\/wp-content\/uploads\/2022\/10\/H3A3372-Gross.jpeg","width":1280,"height":853,"caption":"G\u00fcrteltasche gold"},{"@type":"BreadcrumbList","@id":"https:\/\/sethero.de\/produkt\/guerteltasche_gold\/#breadcrumb","itemListElement":[{"@type":"ListItem","position":1,"name":"Home","item":"https:\/\/sethero.de\/"},{"@type":"ListItem","position":2,"name":"Shop","item":"https:\/\/sethero.de\/shop\/"},{"@type":"ListItem","position":3,"name":"SET HERO G\u00fcrteltasche &#8211; Korkstoff natur mit Gold"}]},{"@type":"WebSite","@id":"https:\/\/sethero.de\/#website","url":"https:\/\/sethero.de\/","name":"SET HERO - die perfekte Tasche f\u00fcr dein Set","description":"Die perfekte Set-Tasche f\u00fcr die Kost\u00fcmarbeit am Filmset","publisher":{"@id":"https:\/\/sethero.de\/#organization"},"alternateName":"Bags for costume professionals & passionates","potentialAction":[{"@type":"SearchAction","target":{"@type":"EntryPoint","urlTemplate":"https:\/\/sethero.de\/?s={search_term_string}"},"query-input":{"@type":"PropertyValueSpecification","valueRequired":true,"valueName":"search_term_string"}}],"inLanguage":"en-US"},{"@type":"Organization","@id":"https:\/\/sethero.de\/#organization","name":"SET HERO - die perfekte Tasche f\u00fcr dein Set","url":"https:\/\/sethero.de\/","logo":{"@type":"ImageObject","inLanguage":"en-US","@id":"https:\/\/sethero.de\/#\/schema\/logo\/image\/","url":"https:\/\/sethero.de\/wp-content\/uploads\/2022\/06\/cropped-Logo-rund-SET-HERO_final_Quadrat_schwarz.jpg","contentUrl":"https:\/\/sethero.de\/wp-content\/uploads\/2022\/06\/cropped-Logo-rund-SET-HERO_final_Quadrat_schwarz.jpg","width":2047,"height":407,"caption":"SET HERO - die perfekte Tasche f\u00fcr dein Set"},"image":{"@id":"https:\/\/sethero.de\/#\/schema\/logo\/image\/"},"sameAs":["https:\/\/www.facebook.com\/Die.perfekte.Settasche","https:\/\/x.com\/SET_HERO_bags","https:\/\/www.instagram.com\/set_hero_germany\/"]}]}},"jetpack_sharing_enabled":true,"_links":{"self":[{"href":"https:\/\/sethero.de\/en\/wp-json\/wp\/v2\/product\/1057","targetHints":{"allow":["GET"]}}],"collection":[{"href":"https:\/\/sethero.de\/en\/wp-json\/wp\/v2\/product"}],"about":[{"href":"https:\/\/sethero.de\/en\/wp-json\/wp\/v2\/types\/product"}],"wp:featuredmedia":[{"embeddable":true,"href":"https:\/\/sethero.de\/en\/wp-json\/wp\/v2\/media\/1236"}],"wp:attachment":[{"href":"https:\/\/sethero.de\/en\/wp-json\/wp\/v2\/media?parent=1057"}],"wp:term":[{"taxonomy":"product_brand","embeddable":true,"href":"https:\/\/sethero.de\/en\/wp-json\/wp\/v2\/product_brand?post=1057"},{"taxonomy":"product_cat","embeddable":true,"href":"https:\/\/sethero.de\/en\/wp-json\/wp\/v2\/product_cat?post=1057"},{"taxonomy":"product_tag","embeddable":true,"href":"https:\/\/sethero.de\/en\/wp-json\/wp\/v2\/product_tag?post=1057"}],"curies":[{"name":"wp","href":"https:\/\/api.w.org\/{rel}","templated":true}]}}