{"id":1576,"date":"2024-02-26T13:43:17","date_gmt":"2024-02-26T12:43:17","guid":{"rendered":"https:\/\/sethero.de\/?post_type=product&#038;p=1576"},"modified":"2024-11-14T01:08:55","modified_gmt":"2024-11-14T00:08:55","slug":"kabeldings","status":"publish","type":"product","link":"https:\/\/sethero.de\/en\/product\/kabeldings\/","title":{"rendered":"Cable thingy"},"content":{"rendered":"<p>Goodbye, cable tangle!<br \/>\nThe cable thingy will establish order inside your bags or drawers. It has two press buttons, so you can adapt the length to the size of the cable (e.g. thin cables like phone chargers and bigger cables such as notebook chargers). Just clip the thingy around the cable - done! SET HERO keeps you neatly organized.<\/p>\n<p>You need a cable thingy in a different size? No Problem! Just email me: hello@sethero.de<\/p>","protected":false},"excerpt":{"rendered":"<p>This little helper will untangle your cable spaghetti and create order inside your purse, kit bag or drawers.<\/p>","protected":false},"featured_media":1627,"template":"","meta":[],"product_brand":[],"product_cat":[174,17],"product_tag":[182,199,88,183,200,89,184,201,185,202,175,176,193,177,194,178,195,179,196,180,197,181,198],"class_list":{"0":"post-1576","1":"product","2":"type-product","3":"status-publish","4":"has-post-thumbnail","6":"product_cat-kleine-helden","7":"product_cat-unkategorisiert","8":"product_tag-sortieren","9":"product_tag-ding","10":"product_tag-kork","11":"product_tag-organizer","12":"product_tag-gadget","13":"product_tag-korkstoff","14":"product_tag-halter","15":"product_tag-hilfe","16":"product_tag-halterung","17":"product_tag-helfer","18":"product_tag-organisieren","19":"product_tag-kabel","20":"product_tag-office","21":"product_tag-kabelsalat","22":"product_tag-aufraeumen","23":"product_tag-buero","24":"product_tag-halten","25":"product_tag-ordnung","26":"product_tag-klipp","27":"product_tag-clips","28":"product_tag-teil","29":"product_tag-clip","30":"product_tag-kabelding","32":"first","33":"instock","34":"taxable","35":"shipping-taxable","36":"purchasable","37":"product-type-variable"},"yoast_head":"<!-- This site is optimized with the Yoast SEO plugin v27.4 - https:\/\/yoast.com\/product\/yoast-seo-wordpress\/ -->\n<title>Kabeldings - SET HERO - die perfekte Set-Tasche<\/title>\n<meta name=\"description\" content=\"Tsch\u00fcss, Kabelsalat! Mit dem Kabeldings bringst du Ordnung in deine Taschen und Schubladen. Du kannst es f\u00fcr d\u00fcnne und dickere Kabel benutzen.\" \/>\n<meta name=\"robots\" content=\"index, follow, max-snippet:-1, max-image-preview:large, max-video-preview:-1\" \/>\n<link rel=\"canonical\" href=\"https:\/\/sethero.de\/en\/product\/kabeldings\/\" \/>\n<meta property=\"og:locale\" content=\"en_US\" \/>\n<meta property=\"og:type\" content=\"article\" \/>\n<meta property=\"og:title\" content=\"Kabeldings - SET HERO - die perfekte Set-Tasche\" \/>\n<meta property=\"og:description\" content=\"Tsch\u00fcss, Kabelsalat! Mit dem Kabeldings bringst du Ordnung in deine Taschen und Schubladen. Du kannst es f\u00fcr d\u00fcnne und dickere Kabel benutzen.\" \/>\n<meta property=\"og:url\" content=\"https:\/\/sethero.de\/en\/product\/kabeldings\/\" \/>\n<meta property=\"og:site_name\" content=\"SET HERO - die perfekte Set-Tasche\" \/>\n<meta property=\"article:publisher\" content=\"https:\/\/www.facebook.com\/Die.perfekte.Settasche\" \/>\n<meta property=\"article:modified_time\" content=\"2024-11-14T00:08:55+00:00\" \/>\n<meta property=\"og:image\" content=\"https:\/\/sethero.de\/wp-content\/uploads\/2024\/02\/DSCF5144_b-scaled.jpg\" \/>\n\t<meta property=\"og:image:width\" content=\"2560\" \/>\n\t<meta property=\"og:image:height\" content=\"1920\" \/>\n\t<meta property=\"og:image:type\" content=\"image\/jpeg\" \/>\n<meta name=\"twitter:card\" content=\"summary_large_image\" \/>\n<meta name=\"twitter:site\" content=\"@SET_HERO_bags\" \/>\n<meta name=\"twitter:label1\" content=\"Est. reading time\" \/>\n\t<meta name=\"twitter:data1\" content=\"1 minute\" \/>\n<script type=\"application\/ld+json\" class=\"yoast-schema-graph\">{\"@context\":\"https:\\\/\\\/schema.org\",\"@graph\":[{\"@type\":\"WebPage\",\"@id\":\"https:\\\/\\\/sethero.de\\\/produkt\\\/kabeldings\\\/\",\"url\":\"https:\\\/\\\/sethero.de\\\/produkt\\\/kabeldings\\\/\",\"name\":\"Kabeldings - SET HERO - die perfekte Set-Tasche\",\"isPartOf\":{\"@id\":\"https:\\\/\\\/sethero.de\\\/#website\"},\"primaryImageOfPage\":{\"@id\":\"https:\\\/\\\/sethero.de\\\/produkt\\\/kabeldings\\\/#primaryimage\"},\"image\":{\"@id\":\"https:\\\/\\\/sethero.de\\\/produkt\\\/kabeldings\\\/#primaryimage\"},\"thumbnailUrl\":\"https:\\\/\\\/sethero.de\\\/wp-content\\\/uploads\\\/2024\\\/02\\\/DSCF5144_b-scaled.jpg\",\"datePublished\":\"2024-02-26T12:43:17+00:00\",\"dateModified\":\"2024-11-14T00:08:55+00:00\",\"description\":\"Tsch\u00fcss, Kabelsalat! Mit dem Kabeldings bringst du Ordnung in deine Taschen und Schubladen. Du kannst es f\u00fcr d\u00fcnne und dickere Kabel benutzen.\",\"breadcrumb\":{\"@id\":\"https:\\\/\\\/sethero.de\\\/produkt\\\/kabeldings\\\/#breadcrumb\"},\"inLanguage\":\"en-US\",\"potentialAction\":[{\"@type\":\"ReadAction\",\"target\":[\"https:\\\/\\\/sethero.de\\\/produkt\\\/kabeldings\\\/\"]}]},{\"@type\":\"ImageObject\",\"inLanguage\":\"en-US\",\"@id\":\"https:\\\/\\\/sethero.de\\\/produkt\\\/kabeldings\\\/#primaryimage\",\"url\":\"https:\\\/\\\/sethero.de\\\/wp-content\\\/uploads\\\/2024\\\/02\\\/DSCF5144_b-scaled.jpg\",\"contentUrl\":\"https:\\\/\\\/sethero.de\\\/wp-content\\\/uploads\\\/2024\\\/02\\\/DSCF5144_b-scaled.jpg\",\"width\":2560,\"height\":1920,\"caption\":\"Kabeldings aus Korkstoff, Verschluss aus Druckkn\u00f6pfen, f\u00fcr verschiedene Kabel\"},{\"@type\":\"BreadcrumbList\",\"@id\":\"https:\\\/\\\/sethero.de\\\/produkt\\\/kabeldings\\\/#breadcrumb\",\"itemListElement\":[{\"@type\":\"ListItem\",\"position\":1,\"name\":\"Home\",\"item\":\"https:\\\/\\\/sethero.de\\\/\"},{\"@type\":\"ListItem\",\"position\":2,\"name\":\"Shop\",\"item\":\"https:\\\/\\\/sethero.de\\\/shop\\\/\"},{\"@type\":\"ListItem\",\"position\":3,\"name\":\"Kabeldings\"}]},{\"@type\":\"WebSite\",\"@id\":\"https:\\\/\\\/sethero.de\\\/#website\",\"url\":\"https:\\\/\\\/sethero.de\\\/\",\"name\":\"SET HERO - die perfekte Tasche f\u00fcr dein Set\",\"description\":\"Die perfekte Set-Tasche f\u00fcr die Kost\u00fcmarbeit am Filmset\",\"publisher\":{\"@id\":\"https:\\\/\\\/sethero.de\\\/#organization\"},\"alternateName\":\"Bags for costume professionals & passionates\",\"potentialAction\":[{\"@type\":\"SearchAction\",\"target\":{\"@type\":\"EntryPoint\",\"urlTemplate\":\"https:\\\/\\\/sethero.de\\\/?s={search_term_string}\"},\"query-input\":{\"@type\":\"PropertyValueSpecification\",\"valueRequired\":true,\"valueName\":\"search_term_string\"}}],\"inLanguage\":\"en-US\"},{\"@type\":\"Organization\",\"@id\":\"https:\\\/\\\/sethero.de\\\/#organization\",\"name\":\"SET HERO - die perfekte Tasche f\u00fcr dein Set\",\"url\":\"https:\\\/\\\/sethero.de\\\/\",\"logo\":{\"@type\":\"ImageObject\",\"inLanguage\":\"en-US\",\"@id\":\"https:\\\/\\\/sethero.de\\\/#\\\/schema\\\/logo\\\/image\\\/\",\"url\":\"https:\\\/\\\/sethero.de\\\/wp-content\\\/uploads\\\/2022\\\/06\\\/cropped-Logo-rund-SET-HERO_final_Quadrat_schwarz.jpg\",\"contentUrl\":\"https:\\\/\\\/sethero.de\\\/wp-content\\\/uploads\\\/2022\\\/06\\\/cropped-Logo-rund-SET-HERO_final_Quadrat_schwarz.jpg\",\"width\":2047,\"height\":407,\"caption\":\"SET HERO - die perfekte Tasche f\u00fcr dein Set\"},\"image\":{\"@id\":\"https:\\\/\\\/sethero.de\\\/#\\\/schema\\\/logo\\\/image\\\/\"},\"sameAs\":[\"https:\\\/\\\/www.facebook.com\\\/Die.perfekte.Settasche\",\"https:\\\/\\\/x.com\\\/SET_HERO_bags\",\"https:\\\/\\\/www.instagram.com\\\/set_hero_germany\\\/\"]}]}<\/script>\n<!-- \/ Yoast SEO plugin. -->","yoast_head_json":{"title":"Kabeldings - SET HERO - die perfekte Set-Tasche","description":"Tsch\u00fcss, Kabelsalat! Mit dem Kabeldings bringst du Ordnung in deine Taschen und Schubladen. Du kannst es f\u00fcr d\u00fcnne und dickere Kabel benutzen.","robots":{"index":"index","follow":"follow","max-snippet":"max-snippet:-1","max-image-preview":"max-image-preview:large","max-video-preview":"max-video-preview:-1"},"canonical":"https:\/\/sethero.de\/en\/product\/kabeldings\/","og_locale":"en_US","og_type":"article","og_title":"Kabeldings - SET HERO - die perfekte Set-Tasche","og_description":"Tsch\u00fcss, Kabelsalat! Mit dem Kabeldings bringst du Ordnung in deine Taschen und Schubladen. Du kannst es f\u00fcr d\u00fcnne und dickere Kabel benutzen.","og_url":"https:\/\/sethero.de\/en\/product\/kabeldings\/","og_site_name":"SET HERO - die perfekte Set-Tasche","article_publisher":"https:\/\/www.facebook.com\/Die.perfekte.Settasche","article_modified_time":"2024-11-14T00:08:55+00:00","og_image":[{"width":2560,"height":1920,"url":"https:\/\/sethero.de\/wp-content\/uploads\/2024\/02\/DSCF5144_b-scaled.jpg","type":"image\/jpeg"}],"twitter_card":"summary_large_image","twitter_site":"@SET_HERO_bags","twitter_misc":{"Est. reading time":"1 minute"},"schema":{"@context":"https:\/\/schema.org","@graph":[{"@type":"WebPage","@id":"https:\/\/sethero.de\/produkt\/kabeldings\/","url":"https:\/\/sethero.de\/produkt\/kabeldings\/","name":"Kabeldings - SET HERO - die perfekte Set-Tasche","isPartOf":{"@id":"https:\/\/sethero.de\/#website"},"primaryImageOfPage":{"@id":"https:\/\/sethero.de\/produkt\/kabeldings\/#primaryimage"},"image":{"@id":"https:\/\/sethero.de\/produkt\/kabeldings\/#primaryimage"},"thumbnailUrl":"https:\/\/sethero.de\/wp-content\/uploads\/2024\/02\/DSCF5144_b-scaled.jpg","datePublished":"2024-02-26T12:43:17+00:00","dateModified":"2024-11-14T00:08:55+00:00","description":"Tsch\u00fcss, Kabelsalat! Mit dem Kabeldings bringst du Ordnung in deine Taschen und Schubladen. Du kannst es f\u00fcr d\u00fcnne und dickere Kabel benutzen.","breadcrumb":{"@id":"https:\/\/sethero.de\/produkt\/kabeldings\/#breadcrumb"},"inLanguage":"en-US","potentialAction":[{"@type":"ReadAction","target":["https:\/\/sethero.de\/produkt\/kabeldings\/"]}]},{"@type":"ImageObject","inLanguage":"en-US","@id":"https:\/\/sethero.de\/produkt\/kabeldings\/#primaryimage","url":"https:\/\/sethero.de\/wp-content\/uploads\/2024\/02\/DSCF5144_b-scaled.jpg","contentUrl":"https:\/\/sethero.de\/wp-content\/uploads\/2024\/02\/DSCF5144_b-scaled.jpg","width":2560,"height":1920,"caption":"Kabeldings aus Korkstoff, Verschluss aus Druckkn\u00f6pfen, f\u00fcr verschiedene Kabel"},{"@type":"BreadcrumbList","@id":"https:\/\/sethero.de\/produkt\/kabeldings\/#breadcrumb","itemListElement":[{"@type":"ListItem","position":1,"name":"Home","item":"https:\/\/sethero.de\/"},{"@type":"ListItem","position":2,"name":"Shop","item":"https:\/\/sethero.de\/shop\/"},{"@type":"ListItem","position":3,"name":"Kabeldings"}]},{"@type":"WebSite","@id":"https:\/\/sethero.de\/#website","url":"https:\/\/sethero.de\/","name":"SET HERO - die perfekte Tasche f\u00fcr dein Set","description":"Die perfekte Set-Tasche f\u00fcr die Kost\u00fcmarbeit am Filmset","publisher":{"@id":"https:\/\/sethero.de\/#organization"},"alternateName":"Bags for costume professionals & passionates","potentialAction":[{"@type":"SearchAction","target":{"@type":"EntryPoint","urlTemplate":"https:\/\/sethero.de\/?s={search_term_string}"},"query-input":{"@type":"PropertyValueSpecification","valueRequired":true,"valueName":"search_term_string"}}],"inLanguage":"en-US"},{"@type":"Organization","@id":"https:\/\/sethero.de\/#organization","name":"SET HERO - die perfekte Tasche f\u00fcr dein Set","url":"https:\/\/sethero.de\/","logo":{"@type":"ImageObject","inLanguage":"en-US","@id":"https:\/\/sethero.de\/#\/schema\/logo\/image\/","url":"https:\/\/sethero.de\/wp-content\/uploads\/2022\/06\/cropped-Logo-rund-SET-HERO_final_Quadrat_schwarz.jpg","contentUrl":"https:\/\/sethero.de\/wp-content\/uploads\/2022\/06\/cropped-Logo-rund-SET-HERO_final_Quadrat_schwarz.jpg","width":2047,"height":407,"caption":"SET HERO - die perfekte Tasche f\u00fcr dein Set"},"image":{"@id":"https:\/\/sethero.de\/#\/schema\/logo\/image\/"},"sameAs":["https:\/\/www.facebook.com\/Die.perfekte.Settasche","https:\/\/x.com\/SET_HERO_bags","https:\/\/www.instagram.com\/set_hero_germany\/"]}]}},"jetpack_sharing_enabled":true,"_links":{"self":[{"href":"https:\/\/sethero.de\/en\/wp-json\/wp\/v2\/product\/1576","targetHints":{"allow":["GET"]}}],"collection":[{"href":"https:\/\/sethero.de\/en\/wp-json\/wp\/v2\/product"}],"about":[{"href":"https:\/\/sethero.de\/en\/wp-json\/wp\/v2\/types\/product"}],"wp:featuredmedia":[{"embeddable":true,"href":"https:\/\/sethero.de\/en\/wp-json\/wp\/v2\/media\/1627"}],"wp:attachment":[{"href":"https:\/\/sethero.de\/en\/wp-json\/wp\/v2\/media?parent=1576"}],"wp:term":[{"taxonomy":"product_brand","embeddable":true,"href":"https:\/\/sethero.de\/en\/wp-json\/wp\/v2\/product_brand?post=1576"},{"taxonomy":"product_cat","embeddable":true,"href":"https:\/\/sethero.de\/en\/wp-json\/wp\/v2\/product_cat?post=1576"},{"taxonomy":"product_tag","embeddable":true,"href":"https:\/\/sethero.de\/en\/wp-json\/wp\/v2\/product_tag?post=1576"}],"curies":[{"name":"wp","href":"https:\/\/api.w.org\/{rel}","templated":true}]}}