{"id":1593,"date":"2024-11-13T23:19:38","date_gmt":"2024-11-13T22:19:38","guid":{"rendered":"https:\/\/sethero.de\/?post_type=product&#038;p=1593"},"modified":"2024-12-12T17:04:23","modified_gmt":"2024-12-12T16:04:23","slug":"bauchtasche-klein-samt","status":"publish","type":"product","link":"https:\/\/sethero.de\/en\/product\/bauchtasche-klein-samt\/","title":{"rendered":"Bauchtasche klein, Kork + Samt"},"content":{"rendered":"<p>Diese kleine Tasche ist perfekt zum Ausgehen und f\u00fcr den Alltag: Neben dem Hauptfach ist sie innen ausgestattet mit einem kleinen Rei\u00dfverschlussfach und zwei Einschubf\u00e4chern in Geldkartengr\u00f6\u00dfe. So kannst du deine Wertsachen wie Bargeld und Schl\u00fcssel sicher unterbringen und musst auch nicht danach suchen. Au\u00dferdem bleibt genug Platz f\u00fcr die anderen Sachen, die du noch so brauchst.<\/p>\n<p>Zum Umlegen an der H\u00fcfte l\u00e4sst sich die Tasche leicht an einem der Karabiner \u00f6ffnen. Das Band ist verstellbar, sodass die Tasche um H\u00fcfte\/Taille gelegt werden, aber auch schr\u00e4g \u00fcber den Oberk\u00f6rper (crossbody) oder wie eine klassische Handtasche \u00fcber die Schulter getragen werden kann. Es besteht aus stabilem Autogurtand, das rei\u00dffest und abriebfest ist.<\/p>","protected":false},"excerpt":{"rendered":"<p>Kleine Bauchtasche mit verstellbarem Gurt und praktischen F\u00e4chern.<\/p>","protected":false},"featured_media":1651,"template":"","meta":[],"product_brand":[],"product_cat":[174,17,45],"product_tag":[206,217,207,55,218,208,56,219,209,58,220,210,89,211,101,212,115,213,116,203,214,117,204,215,120,205,216],"class_list":{"0":"post-1593","1":"product","2":"type-product","3":"status-publish","4":"has-post-thumbnail","6":"product_cat-kleine-helden","7":"product_cat-unkategorisiert","8":"product_cat-guerteltaschen","9":"product_tag-samt","10":"product_tag-velvet","11":"product_tag-brillantsamt","12":"product_tag-guerteltasche","13":"product_tag-samtstoff","14":"product_tag-sammt","15":"product_tag-tasche","16":"product_tag-weich","17":"product_tag-schick","18":"product_tag-bauchtasche","19":"product_tag-hochwertig","20":"product_tag-edel","21":"product_tag-korkstoff","22":"product_tag-besonders","23":"product_tag-verstellbar","24":"product_tag-cross-body","25":"product_tag-gurt","26":"product_tag-cross-body-bag","27":"product_tag-crossbody","28":"product_tag-bum-bag","29":"product_tag-smart","30":"product_tag-umhaengetasche","31":"product_tag-bag","32":"product_tag-praktisch","33":"product_tag-fanny-pack","34":"product_tag-handtasche","35":"product_tag-purse","37":"first","38":"instock","39":"taxable","40":"shipping-taxable","41":"purchasable","42":"product-type-variable"},"yoast_head":"<!-- This site is optimized with the Yoast SEO plugin v27.4 - https:\/\/yoast.com\/product\/yoast-seo-wordpress\/ -->\n<title>Bauchtasche klein, Kork + Samt - SET HERO - die perfekte Set-Tasche<\/title>\n<meta name=\"description\" content=\"Elegante Bauchtasche mit praktischen F\u00e4chern aus Korkstoff und Samt. Der Gurt ist verstellbar, sodass du die Tasche auf verschiedene Arten tragen kannst.\" \/>\n<meta name=\"robots\" content=\"index, follow, max-snippet:-1, max-image-preview:large, max-video-preview:-1\" \/>\n<link rel=\"canonical\" href=\"https:\/\/sethero.de\/en\/product\/bauchtasche-klein-samt\/\" \/>\n<meta property=\"og:locale\" content=\"en_US\" \/>\n<meta property=\"og:type\" content=\"article\" \/>\n<meta property=\"og:title\" content=\"Bauchtasche klein, Kork + Samt - SET HERO - die perfekte Set-Tasche\" \/>\n<meta property=\"og:description\" content=\"Elegante Bauchtasche mit praktischen F\u00e4chern aus Korkstoff und Samt. Der Gurt ist verstellbar, sodass du die Tasche auf verschiedene Arten tragen kannst.\" \/>\n<meta property=\"og:url\" content=\"https:\/\/sethero.de\/en\/product\/bauchtasche-klein-samt\/\" \/>\n<meta property=\"og:site_name\" content=\"SET HERO - die perfekte Set-Tasche\" \/>\n<meta property=\"article:publisher\" content=\"https:\/\/www.facebook.com\/Die.perfekte.Settasche\" \/>\n<meta property=\"article:modified_time\" content=\"2024-12-12T16:04:23+00:00\" \/>\n<meta property=\"og:image\" content=\"https:\/\/sethero.de\/wp-content\/uploads\/2024\/11\/DSCF4968-scaled.jpeg\" \/>\n\t<meta property=\"og:image:width\" content=\"2560\" \/>\n\t<meta property=\"og:image:height\" content=\"1816\" \/>\n\t<meta property=\"og:image:type\" content=\"image\/jpeg\" \/>\n<meta name=\"twitter:card\" content=\"summary_large_image\" \/>\n<meta name=\"twitter:site\" content=\"@SET_HERO_bags\" \/>\n<meta name=\"twitter:label1\" content=\"Est. reading time\" \/>\n\t<meta name=\"twitter:data1\" content=\"1 minute\" \/>\n<script type=\"application\/ld+json\" class=\"yoast-schema-graph\">{\"@context\":\"https:\\\/\\\/schema.org\",\"@graph\":[{\"@type\":\"WebPage\",\"@id\":\"https:\\\/\\\/sethero.de\\\/produkt\\\/bauchtasche-klein-samt\\\/\",\"url\":\"https:\\\/\\\/sethero.de\\\/produkt\\\/bauchtasche-klein-samt\\\/\",\"name\":\"Bauchtasche klein, Kork + Samt - SET HERO - die perfekte Set-Tasche\",\"isPartOf\":{\"@id\":\"https:\\\/\\\/sethero.de\\\/#website\"},\"primaryImageOfPage\":{\"@id\":\"https:\\\/\\\/sethero.de\\\/produkt\\\/bauchtasche-klein-samt\\\/#primaryimage\"},\"image\":{\"@id\":\"https:\\\/\\\/sethero.de\\\/produkt\\\/bauchtasche-klein-samt\\\/#primaryimage\"},\"thumbnailUrl\":\"https:\\\/\\\/sethero.de\\\/wp-content\\\/uploads\\\/2024\\\/11\\\/DSCF4968-scaled.jpeg\",\"datePublished\":\"2024-11-13T22:19:38+00:00\",\"dateModified\":\"2024-12-12T16:04:23+00:00\",\"description\":\"Elegante Bauchtasche mit praktischen F\u00e4chern aus Korkstoff und Samt. Der Gurt ist verstellbar, sodass du die Tasche auf verschiedene Arten tragen kannst.\",\"breadcrumb\":{\"@id\":\"https:\\\/\\\/sethero.de\\\/produkt\\\/bauchtasche-klein-samt\\\/#breadcrumb\"},\"inLanguage\":\"en-US\",\"potentialAction\":[{\"@type\":\"ReadAction\",\"target\":[\"https:\\\/\\\/sethero.de\\\/produkt\\\/bauchtasche-klein-samt\\\/\"]}]},{\"@type\":\"ImageObject\",\"inLanguage\":\"en-US\",\"@id\":\"https:\\\/\\\/sethero.de\\\/produkt\\\/bauchtasche-klein-samt\\\/#primaryimage\",\"url\":\"https:\\\/\\\/sethero.de\\\/wp-content\\\/uploads\\\/2024\\\/11\\\/DSCF4968-scaled.jpeg\",\"contentUrl\":\"https:\\\/\\\/sethero.de\\\/wp-content\\\/uploads\\\/2024\\\/11\\\/DSCF4968-scaled.jpeg\",\"width\":2560,\"height\":1816,\"caption\":\"Kleine Bauchtasche aus Korkstoff und schwarzem Samt, Vorderseite, Gurtband verstellbar, unisex\"},{\"@type\":\"BreadcrumbList\",\"@id\":\"https:\\\/\\\/sethero.de\\\/produkt\\\/bauchtasche-klein-samt\\\/#breadcrumb\",\"itemListElement\":[{\"@type\":\"ListItem\",\"position\":1,\"name\":\"Home\",\"item\":\"https:\\\/\\\/sethero.de\\\/\"},{\"@type\":\"ListItem\",\"position\":2,\"name\":\"Shop\",\"item\":\"https:\\\/\\\/sethero.de\\\/shop\\\/\"},{\"@type\":\"ListItem\",\"position\":3,\"name\":\"Bauchtasche klein, Kork + Samt\"}]},{\"@type\":\"WebSite\",\"@id\":\"https:\\\/\\\/sethero.de\\\/#website\",\"url\":\"https:\\\/\\\/sethero.de\\\/\",\"name\":\"SET HERO - die perfekte Tasche f\u00fcr dein Set\",\"description\":\"Die perfekte Set-Tasche f\u00fcr die Kost\u00fcmarbeit am Filmset\",\"publisher\":{\"@id\":\"https:\\\/\\\/sethero.de\\\/#organization\"},\"alternateName\":\"Bags for costume professionals & passionates\",\"potentialAction\":[{\"@type\":\"SearchAction\",\"target\":{\"@type\":\"EntryPoint\",\"urlTemplate\":\"https:\\\/\\\/sethero.de\\\/?s={search_term_string}\"},\"query-input\":{\"@type\":\"PropertyValueSpecification\",\"valueRequired\":true,\"valueName\":\"search_term_string\"}}],\"inLanguage\":\"en-US\"},{\"@type\":\"Organization\",\"@id\":\"https:\\\/\\\/sethero.de\\\/#organization\",\"name\":\"SET HERO - die perfekte Tasche f\u00fcr dein Set\",\"url\":\"https:\\\/\\\/sethero.de\\\/\",\"logo\":{\"@type\":\"ImageObject\",\"inLanguage\":\"en-US\",\"@id\":\"https:\\\/\\\/sethero.de\\\/#\\\/schema\\\/logo\\\/image\\\/\",\"url\":\"https:\\\/\\\/sethero.de\\\/wp-content\\\/uploads\\\/2022\\\/06\\\/cropped-Logo-rund-SET-HERO_final_Quadrat_schwarz.jpg\",\"contentUrl\":\"https:\\\/\\\/sethero.de\\\/wp-content\\\/uploads\\\/2022\\\/06\\\/cropped-Logo-rund-SET-HERO_final_Quadrat_schwarz.jpg\",\"width\":2047,\"height\":407,\"caption\":\"SET HERO - die perfekte Tasche f\u00fcr dein Set\"},\"image\":{\"@id\":\"https:\\\/\\\/sethero.de\\\/#\\\/schema\\\/logo\\\/image\\\/\"},\"sameAs\":[\"https:\\\/\\\/www.facebook.com\\\/Die.perfekte.Settasche\",\"https:\\\/\\\/x.com\\\/SET_HERO_bags\",\"https:\\\/\\\/www.instagram.com\\\/set_hero_germany\\\/\"]}]}<\/script>\n<!-- \/ Yoast SEO plugin. -->","yoast_head_json":{"title":"Bauchtasche klein, Kork + Samt - SET HERO - die perfekte Set-Tasche","description":"Elegante Bauchtasche mit praktischen F\u00e4chern aus Korkstoff und Samt. Der Gurt ist verstellbar, sodass du die Tasche auf verschiedene Arten tragen kannst.","robots":{"index":"index","follow":"follow","max-snippet":"max-snippet:-1","max-image-preview":"max-image-preview:large","max-video-preview":"max-video-preview:-1"},"canonical":"https:\/\/sethero.de\/en\/product\/bauchtasche-klein-samt\/","og_locale":"en_US","og_type":"article","og_title":"Bauchtasche klein, Kork + Samt - SET HERO - die perfekte Set-Tasche","og_description":"Elegante Bauchtasche mit praktischen F\u00e4chern aus Korkstoff und Samt. Der Gurt ist verstellbar, sodass du die Tasche auf verschiedene Arten tragen kannst.","og_url":"https:\/\/sethero.de\/en\/product\/bauchtasche-klein-samt\/","og_site_name":"SET HERO - die perfekte Set-Tasche","article_publisher":"https:\/\/www.facebook.com\/Die.perfekte.Settasche","article_modified_time":"2024-12-12T16:04:23+00:00","og_image":[{"width":2560,"height":1816,"url":"https:\/\/sethero.de\/wp-content\/uploads\/2024\/11\/DSCF4968-scaled.jpeg","type":"image\/jpeg"}],"twitter_card":"summary_large_image","twitter_site":"@SET_HERO_bags","twitter_misc":{"Est. reading time":"1 minute"},"schema":{"@context":"https:\/\/schema.org","@graph":[{"@type":"WebPage","@id":"https:\/\/sethero.de\/produkt\/bauchtasche-klein-samt\/","url":"https:\/\/sethero.de\/produkt\/bauchtasche-klein-samt\/","name":"Bauchtasche klein, Kork + Samt - SET HERO - die perfekte Set-Tasche","isPartOf":{"@id":"https:\/\/sethero.de\/#website"},"primaryImageOfPage":{"@id":"https:\/\/sethero.de\/produkt\/bauchtasche-klein-samt\/#primaryimage"},"image":{"@id":"https:\/\/sethero.de\/produkt\/bauchtasche-klein-samt\/#primaryimage"},"thumbnailUrl":"https:\/\/sethero.de\/wp-content\/uploads\/2024\/11\/DSCF4968-scaled.jpeg","datePublished":"2024-11-13T22:19:38+00:00","dateModified":"2024-12-12T16:04:23+00:00","description":"Elegante Bauchtasche mit praktischen F\u00e4chern aus Korkstoff und Samt. Der Gurt ist verstellbar, sodass du die Tasche auf verschiedene Arten tragen kannst.","breadcrumb":{"@id":"https:\/\/sethero.de\/produkt\/bauchtasche-klein-samt\/#breadcrumb"},"inLanguage":"en-US","potentialAction":[{"@type":"ReadAction","target":["https:\/\/sethero.de\/produkt\/bauchtasche-klein-samt\/"]}]},{"@type":"ImageObject","inLanguage":"en-US","@id":"https:\/\/sethero.de\/produkt\/bauchtasche-klein-samt\/#primaryimage","url":"https:\/\/sethero.de\/wp-content\/uploads\/2024\/11\/DSCF4968-scaled.jpeg","contentUrl":"https:\/\/sethero.de\/wp-content\/uploads\/2024\/11\/DSCF4968-scaled.jpeg","width":2560,"height":1816,"caption":"Kleine Bauchtasche aus Korkstoff und schwarzem Samt, Vorderseite, Gurtband verstellbar, unisex"},{"@type":"BreadcrumbList","@id":"https:\/\/sethero.de\/produkt\/bauchtasche-klein-samt\/#breadcrumb","itemListElement":[{"@type":"ListItem","position":1,"name":"Home","item":"https:\/\/sethero.de\/"},{"@type":"ListItem","position":2,"name":"Shop","item":"https:\/\/sethero.de\/shop\/"},{"@type":"ListItem","position":3,"name":"Bauchtasche klein, Kork + Samt"}]},{"@type":"WebSite","@id":"https:\/\/sethero.de\/#website","url":"https:\/\/sethero.de\/","name":"SET HERO - die perfekte Tasche f\u00fcr dein Set","description":"Die perfekte Set-Tasche f\u00fcr die Kost\u00fcmarbeit am Filmset","publisher":{"@id":"https:\/\/sethero.de\/#organization"},"alternateName":"Bags for costume professionals & passionates","potentialAction":[{"@type":"SearchAction","target":{"@type":"EntryPoint","urlTemplate":"https:\/\/sethero.de\/?s={search_term_string}"},"query-input":{"@type":"PropertyValueSpecification","valueRequired":true,"valueName":"search_term_string"}}],"inLanguage":"en-US"},{"@type":"Organization","@id":"https:\/\/sethero.de\/#organization","name":"SET HERO - die perfekte Tasche f\u00fcr dein Set","url":"https:\/\/sethero.de\/","logo":{"@type":"ImageObject","inLanguage":"en-US","@id":"https:\/\/sethero.de\/#\/schema\/logo\/image\/","url":"https:\/\/sethero.de\/wp-content\/uploads\/2022\/06\/cropped-Logo-rund-SET-HERO_final_Quadrat_schwarz.jpg","contentUrl":"https:\/\/sethero.de\/wp-content\/uploads\/2022\/06\/cropped-Logo-rund-SET-HERO_final_Quadrat_schwarz.jpg","width":2047,"height":407,"caption":"SET HERO - die perfekte Tasche f\u00fcr dein Set"},"image":{"@id":"https:\/\/sethero.de\/#\/schema\/logo\/image\/"},"sameAs":["https:\/\/www.facebook.com\/Die.perfekte.Settasche","https:\/\/x.com\/SET_HERO_bags","https:\/\/www.instagram.com\/set_hero_germany\/"]}]}},"jetpack_sharing_enabled":true,"_links":{"self":[{"href":"https:\/\/sethero.de\/en\/wp-json\/wp\/v2\/product\/1593","targetHints":{"allow":["GET"]}}],"collection":[{"href":"https:\/\/sethero.de\/en\/wp-json\/wp\/v2\/product"}],"about":[{"href":"https:\/\/sethero.de\/en\/wp-json\/wp\/v2\/types\/product"}],"wp:featuredmedia":[{"embeddable":true,"href":"https:\/\/sethero.de\/en\/wp-json\/wp\/v2\/media\/1651"}],"wp:attachment":[{"href":"https:\/\/sethero.de\/en\/wp-json\/wp\/v2\/media?parent=1593"}],"wp:term":[{"taxonomy":"product_brand","embeddable":true,"href":"https:\/\/sethero.de\/en\/wp-json\/wp\/v2\/product_brand?post=1593"},{"taxonomy":"product_cat","embeddable":true,"href":"https:\/\/sethero.de\/en\/wp-json\/wp\/v2\/product_cat?post=1593"},{"taxonomy":"product_tag","embeddable":true,"href":"https:\/\/sethero.de\/en\/wp-json\/wp\/v2\/product_tag?post=1593"}],"curies":[{"name":"wp","href":"https:\/\/api.w.org\/{rel}","templated":true}]}}