{"id":1618,"date":"2024-11-13T22:36:50","date_gmt":"2024-11-13T21:36:50","guid":{"rendered":"https:\/\/sethero.de\/?post_type=product&#038;p=1618"},"modified":"2025-09-20T07:26:39","modified_gmt":"2025-09-20T05:26:39","slug":"maeppchen","status":"publish","type":"product","link":"https:\/\/sethero.de\/en\/product\/maeppchen\/","title":{"rendered":"Lint roller case"},"content":{"rendered":"<p>Dieses einfache M\u00e4ppchen bewahrt deine Stifte oder andere kleinere Dinge sicher und gut gesch\u00fctzt auf. An der Schlaufe kannst du z.B. deine Schl\u00fcssel befestigen, oder das M\u00e4ppchen an einen Karabiner h\u00e4ngen.<\/p>","protected":false},"excerpt":{"rendered":"<p>Einfaches M\u00e4ppchen f\u00fcr Stifte oder andere kleinere Dinge.<\/p>","protected":false},"featured_media":1635,"template":"","meta":[],"product_brand":[],"product_cat":[17,174],"product_tag":[],"class_list":{"0":"post-1618","1":"product","2":"type-product","3":"status-publish","4":"has-post-thumbnail","6":"product_cat-unkategorisiert","7":"product_cat-kleine-helden","9":"first","10":"instock","11":"taxable","12":"shipping-taxable","13":"purchasable","14":"product-type-variable"},"yoast_head":"<!-- This site is optimized with the Yoast SEO plugin v27.4 - https:\/\/yoast.com\/product\/yoast-seo-wordpress\/ -->\n<title>M\u00e4ppchen - SET HERO - die perfekte Set-Tasche<\/title>\n<meta name=\"description\" content=\"Praktisches M\u00e4ppchen aus nachhaltigem, wasserabweisendem Korkstoff mit Rei\u00dfverschluss, in Deutschland hergestellt. F\u00fcr nur 17,90\u20ac jetzt bestellen!\" \/>\n<meta name=\"robots\" content=\"index, follow, max-snippet:-1, max-image-preview:large, max-video-preview:-1\" \/>\n<link rel=\"canonical\" href=\"https:\/\/sethero.de\/en\/product\/maeppchen\/\" \/>\n<meta property=\"og:locale\" content=\"en_US\" \/>\n<meta property=\"og:type\" content=\"article\" \/>\n<meta property=\"og:title\" content=\"M\u00e4ppchen - SET HERO - die perfekte Set-Tasche\" \/>\n<meta property=\"og:description\" content=\"Praktisches M\u00e4ppchen aus nachhaltigem, wasserabweisendem Korkstoff mit Rei\u00dfverschluss, in Deutschland hergestellt. F\u00fcr nur 17,90\u20ac jetzt bestellen!\" \/>\n<meta property=\"og:url\" content=\"https:\/\/sethero.de\/en\/product\/maeppchen\/\" \/>\n<meta property=\"og:site_name\" content=\"SET HERO - die perfekte Set-Tasche\" \/>\n<meta property=\"article:publisher\" content=\"https:\/\/www.facebook.com\/Die.perfekte.Settasche\" \/>\n<meta property=\"article:modified_time\" content=\"2025-09-20T05:26:39+00:00\" \/>\n<meta property=\"og:image\" content=\"https:\/\/sethero.de\/wp-content\/uploads\/2024\/11\/DSCF4848_b-scaled.jpg\" \/>\n\t<meta property=\"og:image:width\" content=\"2560\" \/>\n\t<meta property=\"og:image:height\" content=\"1920\" \/>\n\t<meta property=\"og:image:type\" content=\"image\/jpeg\" \/>\n<meta name=\"twitter:card\" content=\"summary_large_image\" \/>\n<meta name=\"twitter:site\" content=\"@SET_HERO_bags\" \/>\n<meta name=\"twitter:label1\" content=\"Est. reading time\" \/>\n\t<meta name=\"twitter:data1\" content=\"1 minute\" \/>\n<script type=\"application\/ld+json\" class=\"yoast-schema-graph\">{\"@context\":\"https:\\\/\\\/schema.org\",\"@graph\":[{\"@type\":\"WebPage\",\"@id\":\"https:\\\/\\\/sethero.de\\\/produkt\\\/maeppchen\\\/\",\"url\":\"https:\\\/\\\/sethero.de\\\/produkt\\\/maeppchen\\\/\",\"name\":\"M\u00e4ppchen - SET HERO - die perfekte Set-Tasche\",\"isPartOf\":{\"@id\":\"https:\\\/\\\/sethero.de\\\/#website\"},\"primaryImageOfPage\":{\"@id\":\"https:\\\/\\\/sethero.de\\\/produkt\\\/maeppchen\\\/#primaryimage\"},\"image\":{\"@id\":\"https:\\\/\\\/sethero.de\\\/produkt\\\/maeppchen\\\/#primaryimage\"},\"thumbnailUrl\":\"https:\\\/\\\/sethero.de\\\/wp-content\\\/uploads\\\/2024\\\/11\\\/DSCF4848_b-scaled.jpg\",\"datePublished\":\"2024-11-13T21:36:50+00:00\",\"dateModified\":\"2025-09-20T05:26:39+00:00\",\"description\":\"Praktisches M\u00e4ppchen aus nachhaltigem, wasserabweisendem Korkstoff mit Rei\u00dfverschluss, in Deutschland hergestellt. F\u00fcr nur 17,90\u20ac jetzt bestellen!\",\"breadcrumb\":{\"@id\":\"https:\\\/\\\/sethero.de\\\/produkt\\\/maeppchen\\\/#breadcrumb\"},\"inLanguage\":\"en-US\",\"potentialAction\":[{\"@type\":\"ReadAction\",\"target\":[\"https:\\\/\\\/sethero.de\\\/produkt\\\/maeppchen\\\/\"]}]},{\"@type\":\"ImageObject\",\"inLanguage\":\"en-US\",\"@id\":\"https:\\\/\\\/sethero.de\\\/produkt\\\/maeppchen\\\/#primaryimage\",\"url\":\"https:\\\/\\\/sethero.de\\\/wp-content\\\/uploads\\\/2024\\\/11\\\/DSCF4848_b-scaled.jpg\",\"contentUrl\":\"https:\\\/\\\/sethero.de\\\/wp-content\\\/uploads\\\/2024\\\/11\\\/DSCF4848_b-scaled.jpg\",\"width\":2560,\"height\":1920,\"caption\":\"M\u00e4ppchen f\u00fcr Stifte und andere kleine Dinge, Korkstoff schwarz mit Silber, Vorderseite mit Rei\u00dfverschluss\"},{\"@type\":\"BreadcrumbList\",\"@id\":\"https:\\\/\\\/sethero.de\\\/produkt\\\/maeppchen\\\/#breadcrumb\",\"itemListElement\":[{\"@type\":\"ListItem\",\"position\":1,\"name\":\"Home\",\"item\":\"https:\\\/\\\/sethero.de\\\/\"},{\"@type\":\"ListItem\",\"position\":2,\"name\":\"Shop\",\"item\":\"https:\\\/\\\/sethero.de\\\/shop\\\/\"},{\"@type\":\"ListItem\",\"position\":3,\"name\":\"M\u00e4ppchen\"}]},{\"@type\":\"WebSite\",\"@id\":\"https:\\\/\\\/sethero.de\\\/#website\",\"url\":\"https:\\\/\\\/sethero.de\\\/\",\"name\":\"SET HERO - die perfekte Tasche f\u00fcr dein Set\",\"description\":\"Die perfekte Set-Tasche f\u00fcr die Kost\u00fcmarbeit am Filmset\",\"publisher\":{\"@id\":\"https:\\\/\\\/sethero.de\\\/#organization\"},\"alternateName\":\"Bags for costume professionals & passionates\",\"potentialAction\":[{\"@type\":\"SearchAction\",\"target\":{\"@type\":\"EntryPoint\",\"urlTemplate\":\"https:\\\/\\\/sethero.de\\\/?s={search_term_string}\"},\"query-input\":{\"@type\":\"PropertyValueSpecification\",\"valueRequired\":true,\"valueName\":\"search_term_string\"}}],\"inLanguage\":\"en-US\"},{\"@type\":\"Organization\",\"@id\":\"https:\\\/\\\/sethero.de\\\/#organization\",\"name\":\"SET HERO - die perfekte Tasche f\u00fcr dein Set\",\"url\":\"https:\\\/\\\/sethero.de\\\/\",\"logo\":{\"@type\":\"ImageObject\",\"inLanguage\":\"en-US\",\"@id\":\"https:\\\/\\\/sethero.de\\\/#\\\/schema\\\/logo\\\/image\\\/\",\"url\":\"https:\\\/\\\/sethero.de\\\/wp-content\\\/uploads\\\/2022\\\/06\\\/cropped-Logo-rund-SET-HERO_final_Quadrat_schwarz.jpg\",\"contentUrl\":\"https:\\\/\\\/sethero.de\\\/wp-content\\\/uploads\\\/2022\\\/06\\\/cropped-Logo-rund-SET-HERO_final_Quadrat_schwarz.jpg\",\"width\":2047,\"height\":407,\"caption\":\"SET HERO - die perfekte Tasche f\u00fcr dein Set\"},\"image\":{\"@id\":\"https:\\\/\\\/sethero.de\\\/#\\\/schema\\\/logo\\\/image\\\/\"},\"sameAs\":[\"https:\\\/\\\/www.facebook.com\\\/Die.perfekte.Settasche\",\"https:\\\/\\\/x.com\\\/SET_HERO_bags\",\"https:\\\/\\\/www.instagram.com\\\/set_hero_germany\\\/\"]}]}<\/script>\n<!-- \/ Yoast SEO plugin. -->","yoast_head_json":{"title":"M\u00e4ppchen - SET HERO - die perfekte Set-Tasche","description":"Praktisches M\u00e4ppchen aus nachhaltigem, wasserabweisendem Korkstoff mit Rei\u00dfverschluss, in Deutschland hergestellt. F\u00fcr nur 17,90\u20ac jetzt bestellen!","robots":{"index":"index","follow":"follow","max-snippet":"max-snippet:-1","max-image-preview":"max-image-preview:large","max-video-preview":"max-video-preview:-1"},"canonical":"https:\/\/sethero.de\/en\/product\/maeppchen\/","og_locale":"en_US","og_type":"article","og_title":"M\u00e4ppchen - SET HERO - die perfekte Set-Tasche","og_description":"Praktisches M\u00e4ppchen aus nachhaltigem, wasserabweisendem Korkstoff mit Rei\u00dfverschluss, in Deutschland hergestellt. F\u00fcr nur 17,90\u20ac jetzt bestellen!","og_url":"https:\/\/sethero.de\/en\/product\/maeppchen\/","og_site_name":"SET HERO - die perfekte Set-Tasche","article_publisher":"https:\/\/www.facebook.com\/Die.perfekte.Settasche","article_modified_time":"2025-09-20T05:26:39+00:00","og_image":[{"width":2560,"height":1920,"url":"https:\/\/sethero.de\/wp-content\/uploads\/2024\/11\/DSCF4848_b-scaled.jpg","type":"image\/jpeg"}],"twitter_card":"summary_large_image","twitter_site":"@SET_HERO_bags","twitter_misc":{"Est. reading time":"1 minute"},"schema":{"@context":"https:\/\/schema.org","@graph":[{"@type":"WebPage","@id":"https:\/\/sethero.de\/produkt\/maeppchen\/","url":"https:\/\/sethero.de\/produkt\/maeppchen\/","name":"M\u00e4ppchen - SET HERO - die perfekte Set-Tasche","isPartOf":{"@id":"https:\/\/sethero.de\/#website"},"primaryImageOfPage":{"@id":"https:\/\/sethero.de\/produkt\/maeppchen\/#primaryimage"},"image":{"@id":"https:\/\/sethero.de\/produkt\/maeppchen\/#primaryimage"},"thumbnailUrl":"https:\/\/sethero.de\/wp-content\/uploads\/2024\/11\/DSCF4848_b-scaled.jpg","datePublished":"2024-11-13T21:36:50+00:00","dateModified":"2025-09-20T05:26:39+00:00","description":"Praktisches M\u00e4ppchen aus nachhaltigem, wasserabweisendem Korkstoff mit Rei\u00dfverschluss, in Deutschland hergestellt. F\u00fcr nur 17,90\u20ac jetzt bestellen!","breadcrumb":{"@id":"https:\/\/sethero.de\/produkt\/maeppchen\/#breadcrumb"},"inLanguage":"en-US","potentialAction":[{"@type":"ReadAction","target":["https:\/\/sethero.de\/produkt\/maeppchen\/"]}]},{"@type":"ImageObject","inLanguage":"en-US","@id":"https:\/\/sethero.de\/produkt\/maeppchen\/#primaryimage","url":"https:\/\/sethero.de\/wp-content\/uploads\/2024\/11\/DSCF4848_b-scaled.jpg","contentUrl":"https:\/\/sethero.de\/wp-content\/uploads\/2024\/11\/DSCF4848_b-scaled.jpg","width":2560,"height":1920,"caption":"M\u00e4ppchen f\u00fcr Stifte und andere kleine Dinge, Korkstoff schwarz mit Silber, Vorderseite mit Rei\u00dfverschluss"},{"@type":"BreadcrumbList","@id":"https:\/\/sethero.de\/produkt\/maeppchen\/#breadcrumb","itemListElement":[{"@type":"ListItem","position":1,"name":"Home","item":"https:\/\/sethero.de\/"},{"@type":"ListItem","position":2,"name":"Shop","item":"https:\/\/sethero.de\/shop\/"},{"@type":"ListItem","position":3,"name":"M\u00e4ppchen"}]},{"@type":"WebSite","@id":"https:\/\/sethero.de\/#website","url":"https:\/\/sethero.de\/","name":"SET HERO - die perfekte Tasche f\u00fcr dein Set","description":"Die perfekte Set-Tasche f\u00fcr die Kost\u00fcmarbeit am Filmset","publisher":{"@id":"https:\/\/sethero.de\/#organization"},"alternateName":"Bags for costume professionals & passionates","potentialAction":[{"@type":"SearchAction","target":{"@type":"EntryPoint","urlTemplate":"https:\/\/sethero.de\/?s={search_term_string}"},"query-input":{"@type":"PropertyValueSpecification","valueRequired":true,"valueName":"search_term_string"}}],"inLanguage":"en-US"},{"@type":"Organization","@id":"https:\/\/sethero.de\/#organization","name":"SET HERO - die perfekte Tasche f\u00fcr dein Set","url":"https:\/\/sethero.de\/","logo":{"@type":"ImageObject","inLanguage":"en-US","@id":"https:\/\/sethero.de\/#\/schema\/logo\/image\/","url":"https:\/\/sethero.de\/wp-content\/uploads\/2022\/06\/cropped-Logo-rund-SET-HERO_final_Quadrat_schwarz.jpg","contentUrl":"https:\/\/sethero.de\/wp-content\/uploads\/2022\/06\/cropped-Logo-rund-SET-HERO_final_Quadrat_schwarz.jpg","width":2047,"height":407,"caption":"SET HERO - die perfekte Tasche f\u00fcr dein Set"},"image":{"@id":"https:\/\/sethero.de\/#\/schema\/logo\/image\/"},"sameAs":["https:\/\/www.facebook.com\/Die.perfekte.Settasche","https:\/\/x.com\/SET_HERO_bags","https:\/\/www.instagram.com\/set_hero_germany\/"]}]}},"jetpack_sharing_enabled":true,"_links":{"self":[{"href":"https:\/\/sethero.de\/en\/wp-json\/wp\/v2\/product\/1618","targetHints":{"allow":["GET"]}}],"collection":[{"href":"https:\/\/sethero.de\/en\/wp-json\/wp\/v2\/product"}],"about":[{"href":"https:\/\/sethero.de\/en\/wp-json\/wp\/v2\/types\/product"}],"wp:featuredmedia":[{"embeddable":true,"href":"https:\/\/sethero.de\/en\/wp-json\/wp\/v2\/media\/1635"}],"wp:attachment":[{"href":"https:\/\/sethero.de\/en\/wp-json\/wp\/v2\/media?parent=1618"}],"wp:term":[{"taxonomy":"product_brand","embeddable":true,"href":"https:\/\/sethero.de\/en\/wp-json\/wp\/v2\/product_brand?post=1618"},{"taxonomy":"product_cat","embeddable":true,"href":"https:\/\/sethero.de\/en\/wp-json\/wp\/v2\/product_cat?post=1618"},{"taxonomy":"product_tag","embeddable":true,"href":"https:\/\/sethero.de\/en\/wp-json\/wp\/v2\/product_tag?post=1618"}],"curies":[{"name":"wp","href":"https:\/\/api.w.org\/{rel}","templated":true}]}}