{"id":1639,"date":"2024-11-13T22:42:12","date_gmt":"2024-11-13T21:42:12","guid":{"rendered":"https:\/\/sethero.de\/?post_type=product&#038;p=1639"},"modified":"2025-02-07T14:59:26","modified_gmt":"2025-02-07T13:59:26","slug":"bauchtasche-klein-kork","status":"publish","type":"product","link":"https:\/\/sethero.de\/en\/product\/bauchtasche-klein-kork\/","title":{"rendered":"Bauchtasche klein aus Korkstoff"},"content":{"rendered":"<p>Diese kleine Tasche ist perfekt zum Ausgehen und f\u00fcr den Alltag: Neben dem Hauptfach ist sie ausgestattet mit einem kleinen Rei\u00dfverschlussfach au\u00dfen und zwei Einschubf\u00e4chern in Geldkartengr\u00f6\u00dfe innen. So kannst du deine Wertsachen wie Bargeld und Schl\u00fcssel sicher unterbringen und musst auch nicht danach suchen. Au\u00dferdem bleibt genug Platz f\u00fcr die anderen Dinge, die du noch so brauchst.<\/p>\n<p>Zum Umlegen an der H\u00fcfte l\u00e4sst sich die Tasche leicht an einem der Karabiner \u00f6ffnen. Das Band ist verstellbar, sodass die Tasche um H\u00fcfte\/Taille gelegt werden, aber auch schr\u00e4g \u00fcber den Oberk\u00f6rper (crossbody) oder wie eine klassische Handtasche \u00fcber die Schulter getragen werden kann. Es besteht aus stabilem Autogurtand, das rei\u00dffest und abriebfest ist.<\/p>","protected":false},"excerpt":{"rendered":"<p>Kleine Bauchtasche mit verstellbarem Gurt und praktischen F\u00e4chern.<\/p>","protected":false},"featured_media":1660,"template":"","meta":[],"product_brand":[],"product_cat":[17,45],"product_tag":[204,229,110,205,116,215,117,221,222,223,224,55,225,56,226,58,227,88,228,89],"class_list":{"0":"post-1639","1":"product","2":"type-product","3":"status-publish","4":"has-post-thumbnail","6":"product_cat-unkategorisiert","7":"product_cat-guerteltaschen","8":"product_tag-bag","9":"product_tag-2-in-1","10":"product_tag-hip-bag","11":"product_tag-handtasche","12":"product_tag-crossbody","13":"product_tag-praktisch","14":"product_tag-umhaengetasche","15":"product_tag-klein","16":"product_tag-fannypack","17":"product_tag-praktische-tasche","18":"product_tag-hit-bag","19":"product_tag-guerteltasche","20":"product_tag-cork-fabric","21":"product_tag-tasche","22":"product_tag-korkleder","23":"product_tag-bauchtasche","24":"product_tag-vegan","25":"product_tag-kork","26":"product_tag-veganes-leder","27":"product_tag-korkstoff","29":"first","30":"instock","31":"taxable","32":"shipping-taxable","33":"purchasable","34":"product-type-variable"},"yoast_head":"<!-- This site is optimized with the Yoast SEO plugin v27.4 - https:\/\/yoast.com\/product\/yoast-seo-wordpress\/ -->\n<title>Bauchtasche klein aus Korkstoff - SET HERO - die perfekte Set-Tasche<\/title>\n<meta name=\"description\" content=\"verstellbare Bauchtasche, praktische F\u00e4cher, Korkstoff\" \/>\n<meta name=\"robots\" content=\"index, follow, max-snippet:-1, max-image-preview:large, max-video-preview:-1\" \/>\n<link rel=\"canonical\" href=\"https:\/\/sethero.de\/en\/product\/bauchtasche-klein-kork\/\" \/>\n<meta property=\"og:locale\" content=\"en_US\" \/>\n<meta property=\"og:type\" content=\"article\" \/>\n<meta property=\"og:title\" content=\"Bauchtasche klein aus Korkstoff - SET HERO - die perfekte Set-Tasche\" \/>\n<meta property=\"og:description\" content=\"verstellbare Bauchtasche, praktische F\u00e4cher, Korkstoff\" \/>\n<meta property=\"og:url\" content=\"https:\/\/sethero.de\/en\/product\/bauchtasche-klein-kork\/\" \/>\n<meta property=\"og:site_name\" content=\"SET HERO - die perfekte Set-Tasche\" \/>\n<meta property=\"article:publisher\" content=\"https:\/\/www.facebook.com\/Die.perfekte.Settasche\" \/>\n<meta property=\"article:modified_time\" content=\"2025-02-07T13:59:26+00:00\" \/>\n<meta property=\"og:image\" content=\"https:\/\/sethero.de\/wp-content\/uploads\/2024\/11\/DSCF5299_b-scaled.jpg\" \/>\n\t<meta property=\"og:image:width\" content=\"2560\" \/>\n\t<meta property=\"og:image:height\" content=\"1920\" \/>\n\t<meta property=\"og:image:type\" content=\"image\/jpeg\" \/>\n<meta name=\"twitter:card\" content=\"summary_large_image\" \/>\n<meta name=\"twitter:site\" content=\"@SET_HERO_bags\" \/>\n<meta name=\"twitter:label1\" content=\"Est. reading time\" \/>\n\t<meta name=\"twitter:data1\" content=\"1 minute\" \/>\n<script type=\"application\/ld+json\" class=\"yoast-schema-graph\">{\"@context\":\"https:\\\/\\\/schema.org\",\"@graph\":[{\"@type\":\"WebPage\",\"@id\":\"https:\\\/\\\/sethero.de\\\/produkt\\\/bauchtasche-klein-kork\\\/\",\"url\":\"https:\\\/\\\/sethero.de\\\/produkt\\\/bauchtasche-klein-kork\\\/\",\"name\":\"Bauchtasche klein aus Korkstoff - SET HERO - die perfekte Set-Tasche\",\"isPartOf\":{\"@id\":\"https:\\\/\\\/sethero.de\\\/#website\"},\"primaryImageOfPage\":{\"@id\":\"https:\\\/\\\/sethero.de\\\/produkt\\\/bauchtasche-klein-kork\\\/#primaryimage\"},\"image\":{\"@id\":\"https:\\\/\\\/sethero.de\\\/produkt\\\/bauchtasche-klein-kork\\\/#primaryimage\"},\"thumbnailUrl\":\"https:\\\/\\\/sethero.de\\\/wp-content\\\/uploads\\\/2024\\\/11\\\/DSCF5299_b-scaled.jpg\",\"datePublished\":\"2024-11-13T21:42:12+00:00\",\"dateModified\":\"2025-02-07T13:59:26+00:00\",\"description\":\"verstellbare Bauchtasche, praktische F\u00e4cher, Korkstoff\",\"breadcrumb\":{\"@id\":\"https:\\\/\\\/sethero.de\\\/produkt\\\/bauchtasche-klein-kork\\\/#breadcrumb\"},\"inLanguage\":\"en-US\",\"potentialAction\":[{\"@type\":\"ReadAction\",\"target\":[\"https:\\\/\\\/sethero.de\\\/produkt\\\/bauchtasche-klein-kork\\\/\"]}]},{\"@type\":\"ImageObject\",\"inLanguage\":\"en-US\",\"@id\":\"https:\\\/\\\/sethero.de\\\/produkt\\\/bauchtasche-klein-kork\\\/#primaryimage\",\"url\":\"https:\\\/\\\/sethero.de\\\/wp-content\\\/uploads\\\/2024\\\/11\\\/DSCF5299_b-scaled.jpg\",\"contentUrl\":\"https:\\\/\\\/sethero.de\\\/wp-content\\\/uploads\\\/2024\\\/11\\\/DSCF5299_b-scaled.jpg\",\"width\":2560,\"height\":1920,\"caption\":\"Korkstoff, Bauchtasche, G\u00fcrteltasche, Umh\u00e4ngetasche, Clutch, verstellbar, Kork, cork fabric, Handtasche, bum bag, hip bag, crossbody bag, Umh\u00e4ngetasche, Festival, Party, Ausgehen, Date\"},{\"@type\":\"BreadcrumbList\",\"@id\":\"https:\\\/\\\/sethero.de\\\/produkt\\\/bauchtasche-klein-kork\\\/#breadcrumb\",\"itemListElement\":[{\"@type\":\"ListItem\",\"position\":1,\"name\":\"Home\",\"item\":\"https:\\\/\\\/sethero.de\\\/\"},{\"@type\":\"ListItem\",\"position\":2,\"name\":\"Shop\",\"item\":\"https:\\\/\\\/sethero.de\\\/shop\\\/\"},{\"@type\":\"ListItem\",\"position\":3,\"name\":\"Bauchtasche klein aus Korkstoff\"}]},{\"@type\":\"WebSite\",\"@id\":\"https:\\\/\\\/sethero.de\\\/#website\",\"url\":\"https:\\\/\\\/sethero.de\\\/\",\"name\":\"SET HERO - die perfekte Tasche f\u00fcr dein Set\",\"description\":\"Die perfekte Set-Tasche f\u00fcr die Kost\u00fcmarbeit am Filmset\",\"publisher\":{\"@id\":\"https:\\\/\\\/sethero.de\\\/#organization\"},\"alternateName\":\"Bags for costume professionals & passionates\",\"potentialAction\":[{\"@type\":\"SearchAction\",\"target\":{\"@type\":\"EntryPoint\",\"urlTemplate\":\"https:\\\/\\\/sethero.de\\\/?s={search_term_string}\"},\"query-input\":{\"@type\":\"PropertyValueSpecification\",\"valueRequired\":true,\"valueName\":\"search_term_string\"}}],\"inLanguage\":\"en-US\"},{\"@type\":\"Organization\",\"@id\":\"https:\\\/\\\/sethero.de\\\/#organization\",\"name\":\"SET HERO - die perfekte Tasche f\u00fcr dein Set\",\"url\":\"https:\\\/\\\/sethero.de\\\/\",\"logo\":{\"@type\":\"ImageObject\",\"inLanguage\":\"en-US\",\"@id\":\"https:\\\/\\\/sethero.de\\\/#\\\/schema\\\/logo\\\/image\\\/\",\"url\":\"https:\\\/\\\/sethero.de\\\/wp-content\\\/uploads\\\/2022\\\/06\\\/cropped-Logo-rund-SET-HERO_final_Quadrat_schwarz.jpg\",\"contentUrl\":\"https:\\\/\\\/sethero.de\\\/wp-content\\\/uploads\\\/2022\\\/06\\\/cropped-Logo-rund-SET-HERO_final_Quadrat_schwarz.jpg\",\"width\":2047,\"height\":407,\"caption\":\"SET HERO - die perfekte Tasche f\u00fcr dein Set\"},\"image\":{\"@id\":\"https:\\\/\\\/sethero.de\\\/#\\\/schema\\\/logo\\\/image\\\/\"},\"sameAs\":[\"https:\\\/\\\/www.facebook.com\\\/Die.perfekte.Settasche\",\"https:\\\/\\\/x.com\\\/SET_HERO_bags\",\"https:\\\/\\\/www.instagram.com\\\/set_hero_germany\\\/\"]}]}<\/script>\n<!-- \/ Yoast SEO plugin. -->","yoast_head_json":{"title":"Bauchtasche klein aus Korkstoff - SET HERO - die perfekte Set-Tasche","description":"verstellbare Bauchtasche, praktische F\u00e4cher, Korkstoff","robots":{"index":"index","follow":"follow","max-snippet":"max-snippet:-1","max-image-preview":"max-image-preview:large","max-video-preview":"max-video-preview:-1"},"canonical":"https:\/\/sethero.de\/en\/product\/bauchtasche-klein-kork\/","og_locale":"en_US","og_type":"article","og_title":"Bauchtasche klein aus Korkstoff - SET HERO - die perfekte Set-Tasche","og_description":"verstellbare Bauchtasche, praktische F\u00e4cher, Korkstoff","og_url":"https:\/\/sethero.de\/en\/product\/bauchtasche-klein-kork\/","og_site_name":"SET HERO - die perfekte Set-Tasche","article_publisher":"https:\/\/www.facebook.com\/Die.perfekte.Settasche","article_modified_time":"2025-02-07T13:59:26+00:00","og_image":[{"width":2560,"height":1920,"url":"https:\/\/sethero.de\/wp-content\/uploads\/2024\/11\/DSCF5299_b-scaled.jpg","type":"image\/jpeg"}],"twitter_card":"summary_large_image","twitter_site":"@SET_HERO_bags","twitter_misc":{"Est. reading time":"1 minute"},"schema":{"@context":"https:\/\/schema.org","@graph":[{"@type":"WebPage","@id":"https:\/\/sethero.de\/produkt\/bauchtasche-klein-kork\/","url":"https:\/\/sethero.de\/produkt\/bauchtasche-klein-kork\/","name":"Bauchtasche klein aus Korkstoff - SET HERO - die perfekte Set-Tasche","isPartOf":{"@id":"https:\/\/sethero.de\/#website"},"primaryImageOfPage":{"@id":"https:\/\/sethero.de\/produkt\/bauchtasche-klein-kork\/#primaryimage"},"image":{"@id":"https:\/\/sethero.de\/produkt\/bauchtasche-klein-kork\/#primaryimage"},"thumbnailUrl":"https:\/\/sethero.de\/wp-content\/uploads\/2024\/11\/DSCF5299_b-scaled.jpg","datePublished":"2024-11-13T21:42:12+00:00","dateModified":"2025-02-07T13:59:26+00:00","description":"verstellbare Bauchtasche, praktische F\u00e4cher, Korkstoff","breadcrumb":{"@id":"https:\/\/sethero.de\/produkt\/bauchtasche-klein-kork\/#breadcrumb"},"inLanguage":"en-US","potentialAction":[{"@type":"ReadAction","target":["https:\/\/sethero.de\/produkt\/bauchtasche-klein-kork\/"]}]},{"@type":"ImageObject","inLanguage":"en-US","@id":"https:\/\/sethero.de\/produkt\/bauchtasche-klein-kork\/#primaryimage","url":"https:\/\/sethero.de\/wp-content\/uploads\/2024\/11\/DSCF5299_b-scaled.jpg","contentUrl":"https:\/\/sethero.de\/wp-content\/uploads\/2024\/11\/DSCF5299_b-scaled.jpg","width":2560,"height":1920,"caption":"Korkstoff, Bauchtasche, G\u00fcrteltasche, Umh\u00e4ngetasche, Clutch, verstellbar, Kork, cork fabric, Handtasche, bum bag, hip bag, crossbody bag, Umh\u00e4ngetasche, Festival, Party, Ausgehen, Date"},{"@type":"BreadcrumbList","@id":"https:\/\/sethero.de\/produkt\/bauchtasche-klein-kork\/#breadcrumb","itemListElement":[{"@type":"ListItem","position":1,"name":"Home","item":"https:\/\/sethero.de\/"},{"@type":"ListItem","position":2,"name":"Shop","item":"https:\/\/sethero.de\/shop\/"},{"@type":"ListItem","position":3,"name":"Bauchtasche klein aus Korkstoff"}]},{"@type":"WebSite","@id":"https:\/\/sethero.de\/#website","url":"https:\/\/sethero.de\/","name":"SET HERO - die perfekte Tasche f\u00fcr dein Set","description":"Die perfekte Set-Tasche f\u00fcr die Kost\u00fcmarbeit am Filmset","publisher":{"@id":"https:\/\/sethero.de\/#organization"},"alternateName":"Bags for costume professionals & passionates","potentialAction":[{"@type":"SearchAction","target":{"@type":"EntryPoint","urlTemplate":"https:\/\/sethero.de\/?s={search_term_string}"},"query-input":{"@type":"PropertyValueSpecification","valueRequired":true,"valueName":"search_term_string"}}],"inLanguage":"en-US"},{"@type":"Organization","@id":"https:\/\/sethero.de\/#organization","name":"SET HERO - die perfekte Tasche f\u00fcr dein Set","url":"https:\/\/sethero.de\/","logo":{"@type":"ImageObject","inLanguage":"en-US","@id":"https:\/\/sethero.de\/#\/schema\/logo\/image\/","url":"https:\/\/sethero.de\/wp-content\/uploads\/2022\/06\/cropped-Logo-rund-SET-HERO_final_Quadrat_schwarz.jpg","contentUrl":"https:\/\/sethero.de\/wp-content\/uploads\/2022\/06\/cropped-Logo-rund-SET-HERO_final_Quadrat_schwarz.jpg","width":2047,"height":407,"caption":"SET HERO - die perfekte Tasche f\u00fcr dein Set"},"image":{"@id":"https:\/\/sethero.de\/#\/schema\/logo\/image\/"},"sameAs":["https:\/\/www.facebook.com\/Die.perfekte.Settasche","https:\/\/x.com\/SET_HERO_bags","https:\/\/www.instagram.com\/set_hero_germany\/"]}]}},"jetpack_sharing_enabled":true,"_links":{"self":[{"href":"https:\/\/sethero.de\/en\/wp-json\/wp\/v2\/product\/1639","targetHints":{"allow":["GET"]}}],"collection":[{"href":"https:\/\/sethero.de\/en\/wp-json\/wp\/v2\/product"}],"about":[{"href":"https:\/\/sethero.de\/en\/wp-json\/wp\/v2\/types\/product"}],"wp:featuredmedia":[{"embeddable":true,"href":"https:\/\/sethero.de\/en\/wp-json\/wp\/v2\/media\/1660"}],"wp:attachment":[{"href":"https:\/\/sethero.de\/en\/wp-json\/wp\/v2\/media?parent=1639"}],"wp:term":[{"taxonomy":"product_brand","embeddable":true,"href":"https:\/\/sethero.de\/en\/wp-json\/wp\/v2\/product_brand?post=1639"},{"taxonomy":"product_cat","embeddable":true,"href":"https:\/\/sethero.de\/en\/wp-json\/wp\/v2\/product_cat?post=1639"},{"taxonomy":"product_tag","embeddable":true,"href":"https:\/\/sethero.de\/en\/wp-json\/wp\/v2\/product_tag?post=1639"}],"curies":[{"name":"wp","href":"https:\/\/api.w.org\/{rel}","templated":true}]}}