{"id":184,"date":"2022-01-24T13:58:00","date_gmt":"2022-01-24T12:58:00","guid":{"rendered":"https:\/\/sethero.de\/?post_type=product&#038;p=184"},"modified":"2024-05-03T18:46:20","modified_gmt":"2024-05-03T16:46:20","slug":"holster_schwarz","status":"publish","type":"product","link":"https:\/\/sethero.de\/en\/product\/holster_schwarz\/","title":{"rendered":"Stitch gun holster \u2013 cork black with silver"},"content":{"rendered":"<p>Das Holster kannst du mit der Schlaufe an der R\u00fcckseite ganz einfach per Druckknopf am G\u00fcrtel deiner Bauchtasche befestigen. Endlich hat deine Microstitch Pistole einen festen Platz! Im Fach an der Vorderseite kannst du sogar die passende Munition, also die St\u00e4bchen mit den Tackernadeln unterbringen.<\/p>\n<p>Please note: the inside of the bottom of the holster is especially well-padded, however it is not recommended to insert the holster without the cap, i.e. with the bare needle.<\/p>","protected":false},"excerpt":{"rendered":"<p>Your tagging gung will finally have a home! The holster can simply be added to your SET HERO and comes with a pocket for munition.<\/p>","protected":false},"featured_media":1523,"template":"","meta":[],"product_brand":[],"product_cat":[43],"product_tag":[41,76,77,78,36,79,37,80,38,81,39,82,40],"class_list":{"0":"post-184","1":"product","2":"type-product","3":"status-publish","4":"has-post-thumbnail","6":"product_cat-holster","7":"product_tag-mircostitch","8":"product_tag-stitchpistole","9":"product_tag-anschiessen","10":"product_tag-anschuss","11":"product_tag-holster","12":"product_tag-anschiesspistole","13":"product_tag-stitch","14":"product_tag-etikettieren","15":"product_tag-pistole","16":"product_tag-preisschild","17":"product_tag-halfter","18":"product_tag-preisschilder","19":"product_tag-tacker","21":"first","22":"instock","23":"taxable","24":"shipping-taxable","25":"purchasable","26":"product-type-simple"},"yoast_head":"<!-- This site is optimized with the Yoast SEO plugin v27.4 - https:\/\/yoast.com\/product\/yoast-seo-wordpress\/ -->\n<title>Holster f\u00fcr Anschie\u00dfpistole - Korkstoff schwarz mit Silber - SET HERO - die perfekte Set-Tasche<\/title>\n<meta name=\"description\" content=\"Endlich bekommt die Anschie\u00dfpistole einen festen Platz! Dieses Holster hebt sowohl Pistole, als auch Munition gut auf und wird einfach am G\u00fcrtel befestigt.\" \/>\n<meta name=\"robots\" content=\"index, follow, max-snippet:-1, max-image-preview:large, max-video-preview:-1\" \/>\n<link rel=\"canonical\" href=\"https:\/\/sethero.de\/en\/product\/holster_schwarz\/\" \/>\n<meta property=\"og:locale\" content=\"en_US\" \/>\n<meta property=\"og:type\" content=\"article\" \/>\n<meta property=\"og:title\" content=\"Holster f\u00fcr Anschie\u00dfpistole - Korkstoff schwarz mit Silber - SET HERO - die perfekte Set-Tasche\" \/>\n<meta property=\"og:description\" content=\"Endlich bekommt die Anschie\u00dfpistole einen festen Platz! Dieses Holster hebt sowohl Pistole, als auch Munition gut auf und wird einfach am G\u00fcrtel befestigt.\" \/>\n<meta property=\"og:url\" content=\"https:\/\/sethero.de\/en\/product\/holster_schwarz\/\" \/>\n<meta property=\"og:site_name\" content=\"SET HERO - die perfekte Set-Tasche\" \/>\n<meta property=\"article:publisher\" content=\"https:\/\/www.facebook.com\/Die.perfekte.Settasche\" \/>\n<meta property=\"article:modified_time\" content=\"2024-05-03T16:46:20+00:00\" \/>\n<meta property=\"og:image\" content=\"https:\/\/sethero.de\/wp-content\/uploads\/2022\/12\/Gross-SET-HERO_11-2022_1011.jpeg\" \/>\n\t<meta property=\"og:image:width\" content=\"1280\" \/>\n\t<meta property=\"og:image:height\" content=\"853\" \/>\n\t<meta property=\"og:image:type\" content=\"image\/jpeg\" \/>\n<meta name=\"twitter:card\" content=\"summary_large_image\" \/>\n<meta name=\"twitter:site\" content=\"@SET_HERO_bags\" \/>\n<meta name=\"twitter:label1\" content=\"Est. reading time\" \/>\n\t<meta name=\"twitter:data1\" content=\"1 minute\" \/>\n<script type=\"application\/ld+json\" class=\"yoast-schema-graph\">{\"@context\":\"https:\\\/\\\/schema.org\",\"@graph\":[{\"@type\":\"WebPage\",\"@id\":\"https:\\\/\\\/sethero.de\\\/produkt\\\/holster_schwarz\\\/\",\"url\":\"https:\\\/\\\/sethero.de\\\/produkt\\\/holster_schwarz\\\/\",\"name\":\"Holster f\u00fcr Anschie\u00dfpistole - Korkstoff schwarz mit Silber - SET HERO - die perfekte Set-Tasche\",\"isPartOf\":{\"@id\":\"https:\\\/\\\/sethero.de\\\/#website\"},\"primaryImageOfPage\":{\"@id\":\"https:\\\/\\\/sethero.de\\\/produkt\\\/holster_schwarz\\\/#primaryimage\"},\"image\":{\"@id\":\"https:\\\/\\\/sethero.de\\\/produkt\\\/holster_schwarz\\\/#primaryimage\"},\"thumbnailUrl\":\"https:\\\/\\\/sethero.de\\\/wp-content\\\/uploads\\\/2022\\\/12\\\/Gross-SET-HERO_11-2022_1011.jpeg\",\"datePublished\":\"2022-01-24T12:58:00+00:00\",\"dateModified\":\"2024-05-03T16:46:20+00:00\",\"description\":\"Endlich bekommt die Anschie\u00dfpistole einen festen Platz! Dieses Holster hebt sowohl Pistole, als auch Munition gut auf und wird einfach am G\u00fcrtel befestigt.\",\"breadcrumb\":{\"@id\":\"https:\\\/\\\/sethero.de\\\/produkt\\\/holster_schwarz\\\/#breadcrumb\"},\"inLanguage\":\"en-US\",\"potentialAction\":[{\"@type\":\"ReadAction\",\"target\":[\"https:\\\/\\\/sethero.de\\\/produkt\\\/holster_schwarz\\\/\"]}]},{\"@type\":\"ImageObject\",\"inLanguage\":\"en-US\",\"@id\":\"https:\\\/\\\/sethero.de\\\/produkt\\\/holster_schwarz\\\/#primaryimage\",\"url\":\"https:\\\/\\\/sethero.de\\\/wp-content\\\/uploads\\\/2022\\\/12\\\/Gross-SET-HERO_11-2022_1011.jpeg\",\"contentUrl\":\"https:\\\/\\\/sethero.de\\\/wp-content\\\/uploads\\\/2022\\\/12\\\/Gross-SET-HERO_11-2022_1011.jpeg\",\"width\":1280,\"height\":853,\"caption\":\"Holster f\u00fcr Anschie\u00dfpistole, Korkstoff schwarz mit Silber\"},{\"@type\":\"BreadcrumbList\",\"@id\":\"https:\\\/\\\/sethero.de\\\/produkt\\\/holster_schwarz\\\/#breadcrumb\",\"itemListElement\":[{\"@type\":\"ListItem\",\"position\":1,\"name\":\"Home\",\"item\":\"https:\\\/\\\/sethero.de\\\/\"},{\"@type\":\"ListItem\",\"position\":2,\"name\":\"Shop\",\"item\":\"https:\\\/\\\/sethero.de\\\/shop\\\/\"},{\"@type\":\"ListItem\",\"position\":3,\"name\":\"Holster f\u00fcr Anschie\u00dfpistole &#8211; Korkstoff schwarz mit Silber\"}]},{\"@type\":\"WebSite\",\"@id\":\"https:\\\/\\\/sethero.de\\\/#website\",\"url\":\"https:\\\/\\\/sethero.de\\\/\",\"name\":\"SET HERO - die perfekte Tasche f\u00fcr dein Set\",\"description\":\"Die perfekte Set-Tasche f\u00fcr die Kost\u00fcmarbeit am Filmset\",\"publisher\":{\"@id\":\"https:\\\/\\\/sethero.de\\\/#organization\"},\"alternateName\":\"Bags for costume professionals & passionates\",\"potentialAction\":[{\"@type\":\"SearchAction\",\"target\":{\"@type\":\"EntryPoint\",\"urlTemplate\":\"https:\\\/\\\/sethero.de\\\/?s={search_term_string}\"},\"query-input\":{\"@type\":\"PropertyValueSpecification\",\"valueRequired\":true,\"valueName\":\"search_term_string\"}}],\"inLanguage\":\"en-US\"},{\"@type\":\"Organization\",\"@id\":\"https:\\\/\\\/sethero.de\\\/#organization\",\"name\":\"SET HERO - die perfekte Tasche f\u00fcr dein Set\",\"url\":\"https:\\\/\\\/sethero.de\\\/\",\"logo\":{\"@type\":\"ImageObject\",\"inLanguage\":\"en-US\",\"@id\":\"https:\\\/\\\/sethero.de\\\/#\\\/schema\\\/logo\\\/image\\\/\",\"url\":\"https:\\\/\\\/sethero.de\\\/wp-content\\\/uploads\\\/2022\\\/06\\\/cropped-Logo-rund-SET-HERO_final_Quadrat_schwarz.jpg\",\"contentUrl\":\"https:\\\/\\\/sethero.de\\\/wp-content\\\/uploads\\\/2022\\\/06\\\/cropped-Logo-rund-SET-HERO_final_Quadrat_schwarz.jpg\",\"width\":2047,\"height\":407,\"caption\":\"SET HERO - die perfekte Tasche f\u00fcr dein Set\"},\"image\":{\"@id\":\"https:\\\/\\\/sethero.de\\\/#\\\/schema\\\/logo\\\/image\\\/\"},\"sameAs\":[\"https:\\\/\\\/www.facebook.com\\\/Die.perfekte.Settasche\",\"https:\\\/\\\/x.com\\\/SET_HERO_bags\",\"https:\\\/\\\/www.instagram.com\\\/set_hero_germany\\\/\"]}]}<\/script>\n<!-- \/ Yoast SEO plugin. -->","yoast_head_json":{"title":"Holster f\u00fcr Anschie\u00dfpistole - Korkstoff schwarz mit Silber - SET HERO - die perfekte Set-Tasche","description":"Endlich bekommt die Anschie\u00dfpistole einen festen Platz! Dieses Holster hebt sowohl Pistole, als auch Munition gut auf und wird einfach am G\u00fcrtel befestigt.","robots":{"index":"index","follow":"follow","max-snippet":"max-snippet:-1","max-image-preview":"max-image-preview:large","max-video-preview":"max-video-preview:-1"},"canonical":"https:\/\/sethero.de\/en\/product\/holster_schwarz\/","og_locale":"en_US","og_type":"article","og_title":"Holster f\u00fcr Anschie\u00dfpistole - Korkstoff schwarz mit Silber - SET HERO - die perfekte Set-Tasche","og_description":"Endlich bekommt die Anschie\u00dfpistole einen festen Platz! Dieses Holster hebt sowohl Pistole, als auch Munition gut auf und wird einfach am G\u00fcrtel befestigt.","og_url":"https:\/\/sethero.de\/en\/product\/holster_schwarz\/","og_site_name":"SET HERO - die perfekte Set-Tasche","article_publisher":"https:\/\/www.facebook.com\/Die.perfekte.Settasche","article_modified_time":"2024-05-03T16:46:20+00:00","og_image":[{"width":1280,"height":853,"url":"https:\/\/sethero.de\/wp-content\/uploads\/2022\/12\/Gross-SET-HERO_11-2022_1011.jpeg","type":"image\/jpeg"}],"twitter_card":"summary_large_image","twitter_site":"@SET_HERO_bags","twitter_misc":{"Est. reading time":"1 minute"},"schema":{"@context":"https:\/\/schema.org","@graph":[{"@type":"WebPage","@id":"https:\/\/sethero.de\/produkt\/holster_schwarz\/","url":"https:\/\/sethero.de\/produkt\/holster_schwarz\/","name":"Holster f\u00fcr Anschie\u00dfpistole - Korkstoff schwarz mit Silber - SET HERO - die perfekte Set-Tasche","isPartOf":{"@id":"https:\/\/sethero.de\/#website"},"primaryImageOfPage":{"@id":"https:\/\/sethero.de\/produkt\/holster_schwarz\/#primaryimage"},"image":{"@id":"https:\/\/sethero.de\/produkt\/holster_schwarz\/#primaryimage"},"thumbnailUrl":"https:\/\/sethero.de\/wp-content\/uploads\/2022\/12\/Gross-SET-HERO_11-2022_1011.jpeg","datePublished":"2022-01-24T12:58:00+00:00","dateModified":"2024-05-03T16:46:20+00:00","description":"Endlich bekommt die Anschie\u00dfpistole einen festen Platz! Dieses Holster hebt sowohl Pistole, als auch Munition gut auf und wird einfach am G\u00fcrtel befestigt.","breadcrumb":{"@id":"https:\/\/sethero.de\/produkt\/holster_schwarz\/#breadcrumb"},"inLanguage":"en-US","potentialAction":[{"@type":"ReadAction","target":["https:\/\/sethero.de\/produkt\/holster_schwarz\/"]}]},{"@type":"ImageObject","inLanguage":"en-US","@id":"https:\/\/sethero.de\/produkt\/holster_schwarz\/#primaryimage","url":"https:\/\/sethero.de\/wp-content\/uploads\/2022\/12\/Gross-SET-HERO_11-2022_1011.jpeg","contentUrl":"https:\/\/sethero.de\/wp-content\/uploads\/2022\/12\/Gross-SET-HERO_11-2022_1011.jpeg","width":1280,"height":853,"caption":"Holster f\u00fcr Anschie\u00dfpistole, Korkstoff schwarz mit Silber"},{"@type":"BreadcrumbList","@id":"https:\/\/sethero.de\/produkt\/holster_schwarz\/#breadcrumb","itemListElement":[{"@type":"ListItem","position":1,"name":"Home","item":"https:\/\/sethero.de\/"},{"@type":"ListItem","position":2,"name":"Shop","item":"https:\/\/sethero.de\/shop\/"},{"@type":"ListItem","position":3,"name":"Holster f\u00fcr Anschie\u00dfpistole &#8211; Korkstoff schwarz mit Silber"}]},{"@type":"WebSite","@id":"https:\/\/sethero.de\/#website","url":"https:\/\/sethero.de\/","name":"SET HERO - die perfekte Tasche f\u00fcr dein Set","description":"Die perfekte Set-Tasche f\u00fcr die Kost\u00fcmarbeit am Filmset","publisher":{"@id":"https:\/\/sethero.de\/#organization"},"alternateName":"Bags for costume professionals & passionates","potentialAction":[{"@type":"SearchAction","target":{"@type":"EntryPoint","urlTemplate":"https:\/\/sethero.de\/?s={search_term_string}"},"query-input":{"@type":"PropertyValueSpecification","valueRequired":true,"valueName":"search_term_string"}}],"inLanguage":"en-US"},{"@type":"Organization","@id":"https:\/\/sethero.de\/#organization","name":"SET HERO - die perfekte Tasche f\u00fcr dein Set","url":"https:\/\/sethero.de\/","logo":{"@type":"ImageObject","inLanguage":"en-US","@id":"https:\/\/sethero.de\/#\/schema\/logo\/image\/","url":"https:\/\/sethero.de\/wp-content\/uploads\/2022\/06\/cropped-Logo-rund-SET-HERO_final_Quadrat_schwarz.jpg","contentUrl":"https:\/\/sethero.de\/wp-content\/uploads\/2022\/06\/cropped-Logo-rund-SET-HERO_final_Quadrat_schwarz.jpg","width":2047,"height":407,"caption":"SET HERO - die perfekte Tasche f\u00fcr dein Set"},"image":{"@id":"https:\/\/sethero.de\/#\/schema\/logo\/image\/"},"sameAs":["https:\/\/www.facebook.com\/Die.perfekte.Settasche","https:\/\/x.com\/SET_HERO_bags","https:\/\/www.instagram.com\/set_hero_germany\/"]}]}},"jetpack_sharing_enabled":true,"_links":{"self":[{"href":"https:\/\/sethero.de\/en\/wp-json\/wp\/v2\/product\/184","targetHints":{"allow":["GET"]}}],"collection":[{"href":"https:\/\/sethero.de\/en\/wp-json\/wp\/v2\/product"}],"about":[{"href":"https:\/\/sethero.de\/en\/wp-json\/wp\/v2\/types\/product"}],"wp:featuredmedia":[{"embeddable":true,"href":"https:\/\/sethero.de\/en\/wp-json\/wp\/v2\/media\/1523"}],"wp:attachment":[{"href":"https:\/\/sethero.de\/en\/wp-json\/wp\/v2\/media?parent=184"}],"wp:term":[{"taxonomy":"product_brand","embeddable":true,"href":"https:\/\/sethero.de\/en\/wp-json\/wp\/v2\/product_brand?post=184"},{"taxonomy":"product_cat","embeddable":true,"href":"https:\/\/sethero.de\/en\/wp-json\/wp\/v2\/product_cat?post=184"},{"taxonomy":"product_tag","embeddable":true,"href":"https:\/\/sethero.de\/en\/wp-json\/wp\/v2\/product_tag?post=184"}],"curies":[{"name":"wp","href":"https:\/\/api.w.org\/{rel}","templated":true}]}}