{"id":52,"date":"2022-01-10T18:45:42","date_gmt":"2022-01-10T17:45:42","guid":{"rendered":"https:\/\/sethero.de\/?post_type=product&#038;p=52"},"modified":"2024-05-03T18:47:00","modified_gmt":"2024-05-03T16:47:00","slug":"maeppchen_schwarz","status":"publish","type":"product","link":"https:\/\/sethero.de\/en\/product\/maeppchen_schwarz\/","title":{"rendered":"Lint roller case \u2013 cork black with silver"},"content":{"rendered":"<p>This bag can easily be added to your SET HERO: open the press buttons and close them again with the buckle wrapped around the belt. You will always have the lint roller at the ready and be able to quickly put it away again. It won't stick to other things anymore, it won't dangle around and its handle won't be in the way.<\/p>\n<p>The case is fitted for a common lint roller or textile brush. However, it will also work for small equipment such as a small flashlight, a shoe brush, etc.<\/p>","protected":false},"excerpt":{"rendered":"<p>Finally a proper spot for the lint roller! The small case can easily be attached to your SET HERO or any other belt.<\/p>","protected":false},"featured_media":1524,"template":"","meta":[],"product_brand":[],"product_cat":[44],"product_tag":[65,66,67,68,69,60,61,62,63,64],"class_list":{"0":"post-52","1":"product","2":"type-product","3":"status-publish","4":"has-post-thumbnail","6":"product_cat-maeppchen","7":"product_tag-buerste","8":"product_tag-kleiderbuerste","9":"product_tag-kleine-tasche","10":"product_tag-mappe","11":"product_tag-reissverschluss","12":"product_tag-maeppchen","13":"product_tag-etui","14":"product_tag-fussel","15":"product_tag-fusselrolle","16":"product_tag-fusselbuerste","18":"first","19":"instock","20":"taxable","21":"shipping-taxable","22":"purchasable","23":"product-type-simple"},"yoast_head":"<!-- This site is optimized with the Yoast SEO plugin v27.4 - https:\/\/yoast.com\/product\/yoast-seo-wordpress\/ -->\n<title>M\u00e4ppchen f\u00fcr Fusselrolle - Korkstoff schwarz mit Silber - SET HERO - die perfekte Set-Tasche<\/title>\n<meta name=\"description\" content=\"Praktisch, effizient, umweltfreundlich: G\u00fcrteltaschen von SET HERO! Dieses M\u00e4ppchen aus Korkstoff gibt auch der Fusselrolle einen ordentlichen Platz.\" \/>\n<meta name=\"robots\" content=\"index, follow, max-snippet:-1, max-image-preview:large, max-video-preview:-1\" \/>\n<link rel=\"canonical\" href=\"https:\/\/sethero.de\/en\/product\/maeppchen_schwarz\/\" \/>\n<meta property=\"og:locale\" content=\"en_US\" \/>\n<meta property=\"og:type\" content=\"article\" \/>\n<meta property=\"og:title\" content=\"M\u00e4ppchen f\u00fcr Fusselrolle - Korkstoff schwarz mit Silber - SET HERO - die perfekte Set-Tasche\" \/>\n<meta property=\"og:description\" content=\"Praktisch, effizient, umweltfreundlich: G\u00fcrteltaschen von SET HERO! Dieses M\u00e4ppchen aus Korkstoff gibt auch der Fusselrolle einen ordentlichen Platz.\" \/>\n<meta property=\"og:url\" content=\"https:\/\/sethero.de\/en\/product\/maeppchen_schwarz\/\" \/>\n<meta property=\"og:site_name\" content=\"SET HERO - die perfekte Set-Tasche\" \/>\n<meta property=\"article:publisher\" content=\"https:\/\/www.facebook.com\/Die.perfekte.Settasche\" \/>\n<meta property=\"article:modified_time\" content=\"2024-05-03T16:47:00+00:00\" \/>\n<meta property=\"og:image\" content=\"https:\/\/sethero.de\/wp-content\/uploads\/2022\/12\/Gross-SET-HERO_11-2022_1012.jpeg\" \/>\n\t<meta property=\"og:image:width\" content=\"1280\" \/>\n\t<meta property=\"og:image:height\" content=\"853\" \/>\n\t<meta property=\"og:image:type\" content=\"image\/jpeg\" \/>\n<meta name=\"twitter:card\" content=\"summary_large_image\" \/>\n<meta name=\"twitter:site\" content=\"@SET_HERO_bags\" \/>\n<meta name=\"twitter:label1\" content=\"Est. reading time\" \/>\n\t<meta name=\"twitter:data1\" content=\"1 minute\" \/>\n<script type=\"application\/ld+json\" class=\"yoast-schema-graph\">{\"@context\":\"https:\\\/\\\/schema.org\",\"@graph\":[{\"@type\":\"WebPage\",\"@id\":\"https:\\\/\\\/sethero.de\\\/produkt\\\/maeppchen_schwarz\\\/\",\"url\":\"https:\\\/\\\/sethero.de\\\/produkt\\\/maeppchen_schwarz\\\/\",\"name\":\"M\u00e4ppchen f\u00fcr Fusselrolle - Korkstoff schwarz mit Silber - SET HERO - die perfekte Set-Tasche\",\"isPartOf\":{\"@id\":\"https:\\\/\\\/sethero.de\\\/#website\"},\"primaryImageOfPage\":{\"@id\":\"https:\\\/\\\/sethero.de\\\/produkt\\\/maeppchen_schwarz\\\/#primaryimage\"},\"image\":{\"@id\":\"https:\\\/\\\/sethero.de\\\/produkt\\\/maeppchen_schwarz\\\/#primaryimage\"},\"thumbnailUrl\":\"https:\\\/\\\/sethero.de\\\/wp-content\\\/uploads\\\/2022\\\/12\\\/Gross-SET-HERO_11-2022_1012.jpeg\",\"datePublished\":\"2022-01-10T17:45:42+00:00\",\"dateModified\":\"2024-05-03T16:47:00+00:00\",\"description\":\"Praktisch, effizient, umweltfreundlich: G\u00fcrteltaschen von SET HERO! Dieses M\u00e4ppchen aus Korkstoff gibt auch der Fusselrolle einen ordentlichen Platz.\",\"breadcrumb\":{\"@id\":\"https:\\\/\\\/sethero.de\\\/produkt\\\/maeppchen_schwarz\\\/#breadcrumb\"},\"inLanguage\":\"en-US\",\"potentialAction\":[{\"@type\":\"ReadAction\",\"target\":[\"https:\\\/\\\/sethero.de\\\/produkt\\\/maeppchen_schwarz\\\/\"]}]},{\"@type\":\"ImageObject\",\"inLanguage\":\"en-US\",\"@id\":\"https:\\\/\\\/sethero.de\\\/produkt\\\/maeppchen_schwarz\\\/#primaryimage\",\"url\":\"https:\\\/\\\/sethero.de\\\/wp-content\\\/uploads\\\/2022\\\/12\\\/Gross-SET-HERO_11-2022_1012.jpeg\",\"contentUrl\":\"https:\\\/\\\/sethero.de\\\/wp-content\\\/uploads\\\/2022\\\/12\\\/Gross-SET-HERO_11-2022_1012.jpeg\",\"width\":1280,\"height\":853,\"caption\":\"M\u00e4ppchen f\u00fcr Fusselrolle, Korkstoff schwarz mit Silber\"},{\"@type\":\"BreadcrumbList\",\"@id\":\"https:\\\/\\\/sethero.de\\\/produkt\\\/maeppchen_schwarz\\\/#breadcrumb\",\"itemListElement\":[{\"@type\":\"ListItem\",\"position\":1,\"name\":\"Home\",\"item\":\"https:\\\/\\\/sethero.de\\\/\"},{\"@type\":\"ListItem\",\"position\":2,\"name\":\"Shop\",\"item\":\"https:\\\/\\\/sethero.de\\\/shop\\\/\"},{\"@type\":\"ListItem\",\"position\":3,\"name\":\"M\u00e4ppchen f\u00fcr Fusselrolle &#8211; Korkstoff schwarz mit Silber\"}]},{\"@type\":\"WebSite\",\"@id\":\"https:\\\/\\\/sethero.de\\\/#website\",\"url\":\"https:\\\/\\\/sethero.de\\\/\",\"name\":\"SET HERO - die perfekte Tasche f\u00fcr dein Set\",\"description\":\"Die perfekte Set-Tasche f\u00fcr die Kost\u00fcmarbeit am Filmset\",\"publisher\":{\"@id\":\"https:\\\/\\\/sethero.de\\\/#organization\"},\"alternateName\":\"Bags for costume professionals & passionates\",\"potentialAction\":[{\"@type\":\"SearchAction\",\"target\":{\"@type\":\"EntryPoint\",\"urlTemplate\":\"https:\\\/\\\/sethero.de\\\/?s={search_term_string}\"},\"query-input\":{\"@type\":\"PropertyValueSpecification\",\"valueRequired\":true,\"valueName\":\"search_term_string\"}}],\"inLanguage\":\"en-US\"},{\"@type\":\"Organization\",\"@id\":\"https:\\\/\\\/sethero.de\\\/#organization\",\"name\":\"SET HERO - die perfekte Tasche f\u00fcr dein Set\",\"url\":\"https:\\\/\\\/sethero.de\\\/\",\"logo\":{\"@type\":\"ImageObject\",\"inLanguage\":\"en-US\",\"@id\":\"https:\\\/\\\/sethero.de\\\/#\\\/schema\\\/logo\\\/image\\\/\",\"url\":\"https:\\\/\\\/sethero.de\\\/wp-content\\\/uploads\\\/2022\\\/06\\\/cropped-Logo-rund-SET-HERO_final_Quadrat_schwarz.jpg\",\"contentUrl\":\"https:\\\/\\\/sethero.de\\\/wp-content\\\/uploads\\\/2022\\\/06\\\/cropped-Logo-rund-SET-HERO_final_Quadrat_schwarz.jpg\",\"width\":2047,\"height\":407,\"caption\":\"SET HERO - die perfekte Tasche f\u00fcr dein Set\"},\"image\":{\"@id\":\"https:\\\/\\\/sethero.de\\\/#\\\/schema\\\/logo\\\/image\\\/\"},\"sameAs\":[\"https:\\\/\\\/www.facebook.com\\\/Die.perfekte.Settasche\",\"https:\\\/\\\/x.com\\\/SET_HERO_bags\",\"https:\\\/\\\/www.instagram.com\\\/set_hero_germany\\\/\"]}]}<\/script>\n<!-- \/ Yoast SEO plugin. -->","yoast_head_json":{"title":"M\u00e4ppchen f\u00fcr Fusselrolle - Korkstoff schwarz mit Silber - SET HERO - die perfekte Set-Tasche","description":"Praktisch, effizient, umweltfreundlich: G\u00fcrteltaschen von SET HERO! Dieses M\u00e4ppchen aus Korkstoff gibt auch der Fusselrolle einen ordentlichen Platz.","robots":{"index":"index","follow":"follow","max-snippet":"max-snippet:-1","max-image-preview":"max-image-preview:large","max-video-preview":"max-video-preview:-1"},"canonical":"https:\/\/sethero.de\/en\/product\/maeppchen_schwarz\/","og_locale":"en_US","og_type":"article","og_title":"M\u00e4ppchen f\u00fcr Fusselrolle - Korkstoff schwarz mit Silber - SET HERO - die perfekte Set-Tasche","og_description":"Praktisch, effizient, umweltfreundlich: G\u00fcrteltaschen von SET HERO! Dieses M\u00e4ppchen aus Korkstoff gibt auch der Fusselrolle einen ordentlichen Platz.","og_url":"https:\/\/sethero.de\/en\/product\/maeppchen_schwarz\/","og_site_name":"SET HERO - die perfekte Set-Tasche","article_publisher":"https:\/\/www.facebook.com\/Die.perfekte.Settasche","article_modified_time":"2024-05-03T16:47:00+00:00","og_image":[{"width":1280,"height":853,"url":"https:\/\/sethero.de\/wp-content\/uploads\/2022\/12\/Gross-SET-HERO_11-2022_1012.jpeg","type":"image\/jpeg"}],"twitter_card":"summary_large_image","twitter_site":"@SET_HERO_bags","twitter_misc":{"Est. reading time":"1 minute"},"schema":{"@context":"https:\/\/schema.org","@graph":[{"@type":"WebPage","@id":"https:\/\/sethero.de\/produkt\/maeppchen_schwarz\/","url":"https:\/\/sethero.de\/produkt\/maeppchen_schwarz\/","name":"M\u00e4ppchen f\u00fcr Fusselrolle - Korkstoff schwarz mit Silber - SET HERO - die perfekte Set-Tasche","isPartOf":{"@id":"https:\/\/sethero.de\/#website"},"primaryImageOfPage":{"@id":"https:\/\/sethero.de\/produkt\/maeppchen_schwarz\/#primaryimage"},"image":{"@id":"https:\/\/sethero.de\/produkt\/maeppchen_schwarz\/#primaryimage"},"thumbnailUrl":"https:\/\/sethero.de\/wp-content\/uploads\/2022\/12\/Gross-SET-HERO_11-2022_1012.jpeg","datePublished":"2022-01-10T17:45:42+00:00","dateModified":"2024-05-03T16:47:00+00:00","description":"Praktisch, effizient, umweltfreundlich: G\u00fcrteltaschen von SET HERO! Dieses M\u00e4ppchen aus Korkstoff gibt auch der Fusselrolle einen ordentlichen Platz.","breadcrumb":{"@id":"https:\/\/sethero.de\/produkt\/maeppchen_schwarz\/#breadcrumb"},"inLanguage":"en-US","potentialAction":[{"@type":"ReadAction","target":["https:\/\/sethero.de\/produkt\/maeppchen_schwarz\/"]}]},{"@type":"ImageObject","inLanguage":"en-US","@id":"https:\/\/sethero.de\/produkt\/maeppchen_schwarz\/#primaryimage","url":"https:\/\/sethero.de\/wp-content\/uploads\/2022\/12\/Gross-SET-HERO_11-2022_1012.jpeg","contentUrl":"https:\/\/sethero.de\/wp-content\/uploads\/2022\/12\/Gross-SET-HERO_11-2022_1012.jpeg","width":1280,"height":853,"caption":"M\u00e4ppchen f\u00fcr Fusselrolle, Korkstoff schwarz mit Silber"},{"@type":"BreadcrumbList","@id":"https:\/\/sethero.de\/produkt\/maeppchen_schwarz\/#breadcrumb","itemListElement":[{"@type":"ListItem","position":1,"name":"Home","item":"https:\/\/sethero.de\/"},{"@type":"ListItem","position":2,"name":"Shop","item":"https:\/\/sethero.de\/shop\/"},{"@type":"ListItem","position":3,"name":"M\u00e4ppchen f\u00fcr Fusselrolle &#8211; Korkstoff schwarz mit Silber"}]},{"@type":"WebSite","@id":"https:\/\/sethero.de\/#website","url":"https:\/\/sethero.de\/","name":"SET HERO - die perfekte Tasche f\u00fcr dein Set","description":"Die perfekte Set-Tasche f\u00fcr die Kost\u00fcmarbeit am Filmset","publisher":{"@id":"https:\/\/sethero.de\/#organization"},"alternateName":"Bags for costume professionals & passionates","potentialAction":[{"@type":"SearchAction","target":{"@type":"EntryPoint","urlTemplate":"https:\/\/sethero.de\/?s={search_term_string}"},"query-input":{"@type":"PropertyValueSpecification","valueRequired":true,"valueName":"search_term_string"}}],"inLanguage":"en-US"},{"@type":"Organization","@id":"https:\/\/sethero.de\/#organization","name":"SET HERO - die perfekte Tasche f\u00fcr dein Set","url":"https:\/\/sethero.de\/","logo":{"@type":"ImageObject","inLanguage":"en-US","@id":"https:\/\/sethero.de\/#\/schema\/logo\/image\/","url":"https:\/\/sethero.de\/wp-content\/uploads\/2022\/06\/cropped-Logo-rund-SET-HERO_final_Quadrat_schwarz.jpg","contentUrl":"https:\/\/sethero.de\/wp-content\/uploads\/2022\/06\/cropped-Logo-rund-SET-HERO_final_Quadrat_schwarz.jpg","width":2047,"height":407,"caption":"SET HERO - die perfekte Tasche f\u00fcr dein Set"},"image":{"@id":"https:\/\/sethero.de\/#\/schema\/logo\/image\/"},"sameAs":["https:\/\/www.facebook.com\/Die.perfekte.Settasche","https:\/\/x.com\/SET_HERO_bags","https:\/\/www.instagram.com\/set_hero_germany\/"]}]}},"jetpack_sharing_enabled":true,"_links":{"self":[{"href":"https:\/\/sethero.de\/en\/wp-json\/wp\/v2\/product\/52","targetHints":{"allow":["GET"]}}],"collection":[{"href":"https:\/\/sethero.de\/en\/wp-json\/wp\/v2\/product"}],"about":[{"href":"https:\/\/sethero.de\/en\/wp-json\/wp\/v2\/types\/product"}],"wp:featuredmedia":[{"embeddable":true,"href":"https:\/\/sethero.de\/en\/wp-json\/wp\/v2\/media\/1524"}],"wp:attachment":[{"href":"https:\/\/sethero.de\/en\/wp-json\/wp\/v2\/media?parent=52"}],"wp:term":[{"taxonomy":"product_brand","embeddable":true,"href":"https:\/\/sethero.de\/en\/wp-json\/wp\/v2\/product_brand?post=52"},{"taxonomy":"product_cat","embeddable":true,"href":"https:\/\/sethero.de\/en\/wp-json\/wp\/v2\/product_cat?post=52"},{"taxonomy":"product_tag","embeddable":true,"href":"https:\/\/sethero.de\/en\/wp-json\/wp\/v2\/product_tag?post=52"}],"curies":[{"name":"wp","href":"https:\/\/api.w.org\/{rel}","templated":true}]}}